{"id":8592,"date":"2024-07-24T10:50:08","date_gmt":"2024-07-24T08:50:08","guid":{"rendered":"https:\/\/www.lebens-qi.at\/qishop\/?post_type=product&#038;p=8592"},"modified":"2025-06-27T14:27:55","modified_gmt":"2025-06-27T12:27:55","slug":"schafmilchseife-edelweiss-herz","status":"publish","type":"product","link":"https:\/\/www.lebens-qi.at\/qishop\/produkt\/schafmilchseife-edelweiss-herz\/","title":{"rendered":"Schafmilchseife Edelwei\u00df Herz"},"content":{"rendered":"<p><b>Schafmilchseife Edelwei\u00df<\/b><br \/>\nmit herrlich viel pflegenden Pflanzen\u00f6len: Mandel\u00f6l, Oliven\u00f6l, Sheabutter &amp; Sonnenblumen\u00f6l<br \/>\nGewicht: 80 g<br \/>\nGr\u00f6\u00dfe: 6,5 cm<br \/>\nplastikfrei verpackt in Papiersackerl oder Kartont\u00e4schchen<\/p>\n<h3><b><span style=\"color: #339966;\">Ovis Schafmilchseifen<\/span><\/b><span style=\"color: #339966;\"> &#8211; Nat\u00fcrliche Pflege f\u00fcr Ihr Wohlbefinden<\/span><b><br \/>\n<\/b><\/h3>\n<p>Die Marke <em>Ovis<\/em> entstand aus dem Anspruch heraus nur beste Qualit\u00e4t an die Haut zu lassen. Und zwar mit Produkten, die man mehrmals t\u00e4glich verwendet. Selbstverst\u00e4ndlich mit so viel Natur drin wie m\u00f6glich. Qualit\u00e4t, Nat\u00fcrlichkeit und Praktikabilit\u00e4t ist das Ergebnis, was kontinuierlich bis heute sp\u00fcr- und erlebbar ist.<\/p>\n<ul>\n<li>f\u00fcr alle Hauttypen geeignet<\/li>\n<li>mit Bio-Schafmilch einer ober\u00f6sterreichischen Molkerei<\/li>\n<li>sehr sanft zur Haut<\/li>\n<li>ausschlie\u00dflich erlesene Inhaltsstoffe<\/li>\n<li>au\u00dferordentlich schonende Herstellungsweise<\/li>\n<li>Farbstoffe sind Lebensmittelfarbe und von der Haut gut vertr\u00e4glich.<\/li>\n<\/ul>\n<p><strong>Bio-Schafmilch ist das, was die Ovis-Seifen auszeichnet. Sie pflegt und n\u00e4hrt die Haut durch:<\/strong><\/p>\n<ul>\n<li>viele N\u00e4hrstoffe und zahlreiche Vitamine<\/li>\n<li>den hohen Fett- und Proteingehalt (7,1% Fett; 5,6% Protein)<\/li>\n<li>die tierischen Proteine bewirken, dass die Pflegestoffe besonders gut von der menschlichen Haut aufgenommen werden k\u00f6nnen<\/li>\n<li>auch f\u00fcr Menschen mit sehr empfindlicher und problematischer Haut bestens geeignet<\/li>\n<\/ul>\n<h3><span style=\"color: #339966;\">Nat\u00fcrlich &amp; Echt<\/span><\/h3>\n<p>OHNE Mineral\u00f6l | OHNE Parabene | OHNE Silikone | OHNE Mikroplastik<\/p>\n<p><b><em>Inhaltsstoffe (INCI): <\/em><\/b><br \/>\nSodium Palmate, Sodium Palm Kernelate, Aqua, Glycerin, Parfum, Prunus Amygdalus Dulcis Oil, Palm Acid, Olea Europaea Fruit Oil, Butyrospermum Parkii Butter, Sodium Chloride, Sheep Milk, Palm Kernel Acid, Olea Europaea Leaf Powder, Etidronic Acid, Tetrasodium EDTA, Tocopherol, Helianthus Annuus Seed Oil, Benzyl Salicylate, Linalool, Amyl Cinnamal, Citrus Limon Peel Oil, Limonene, Hexyl Cinnamal, Linalyl Acetate, Geraniol, Trimethylbenzene-propanol, Hexamethylindanopyran, Dimethyl Phenethyl Acetate, Terpineol, CI 77891. Fresh Weight 80 g<\/p>\n","protected":false},"excerpt":{"rendered":"<p>mit Bio-Schafmilch aus \u00d6sterreich<\/p>\n","protected":false},"featured_media":15737,"comment_status":"open","ping_status":"closed","template":"","meta":{"_links_to":"","_links_to_target":""},"pwb-brand":[1814],"product_brand":[],"product_cat":[221],"product_tag":[1820,1478,1817,1821,1815,224,234,1079,275],"class_list":{"0":"post-8592","1":"product","2":"type-product","3":"status-publish","4":"has-post-thumbnail","6":"pwb-brand-ovis","7":"product_cat-seifen","8":"product_tag-edelweiss","9":"product_tag-herz","10":"product_tag-mandeloel","11":"product_tag-olivenoel","12":"product_tag-schafmilch","13":"product_tag-seife","14":"product_tag-sheabutter","15":"product_tag-sommer","16":"product_tag-zitrone","18":"first","19":"instock","20":"taxable","21":"shipping-taxable","22":"purchasable","23":"product-type-variable"},"blog_post_layout_featured_media_urls":{"thumbnail":["https:\/\/www.lebens-qi.at\/qishop\/wp-content\/uploads\/Edelweiss-herz-150x150.png",150,150,true],"full":["https:\/\/www.lebens-qi.at\/qishop\/wp-content\/uploads\/Edelweiss-herz.png",800,800,false]},"categories":["1814"],"categories_names":{"1814":{"name":"Ovis","link":"https:\/\/www.lebens-qi.at\/qishop\/brand\/ovis\/"}},"comments_number":"0","brands":[{"id":1814,"name":"Ovis","slug":"ovis"}],"_links":{"self":[{"href":"https:\/\/www.lebens-qi.at\/qishop\/wp-json\/wp\/v2\/product\/8592","targetHints":{"allow":["GET"]}}],"collection":[{"href":"https:\/\/www.lebens-qi.at\/qishop\/wp-json\/wp\/v2\/product"}],"about":[{"href":"https:\/\/www.lebens-qi.at\/qishop\/wp-json\/wp\/v2\/types\/product"}],"replies":[{"embeddable":true,"href":"https:\/\/www.lebens-qi.at\/qishop\/wp-json\/wp\/v2\/comments?post=8592"}],"wp:featuredmedia":[{"embeddable":true,"href":"https:\/\/www.lebens-qi.at\/qishop\/wp-json\/wp\/v2\/media\/15737"}],"wp:attachment":[{"href":"https:\/\/www.lebens-qi.at\/qishop\/wp-json\/wp\/v2\/media?parent=8592"}],"wp:term":[{"taxonomy":"pwb-brand","embeddable":true,"href":"https:\/\/www.lebens-qi.at\/qishop\/wp-json\/wp\/v2\/pwb-brand?post=8592"},{"taxonomy":"product_brand","embeddable":true,"href":"https:\/\/www.lebens-qi.at\/qishop\/wp-json\/wp\/v2\/product_brand?post=8592"},{"taxonomy":"product_cat","embeddable":true,"href":"https:\/\/www.lebens-qi.at\/qishop\/wp-json\/wp\/v2\/product_cat?post=8592"},{"taxonomy":"product_tag","embeddable":true,"href":"https:\/\/www.lebens-qi.at\/qishop\/wp-json\/wp\/v2\/product_tag?post=8592"}],"curies":[{"name":"wp","href":"https:\/\/api.w.org\/{rel}","templated":true}]}}