{"id":8627,"date":"2024-07-30T16:03:18","date_gmt":"2024-07-30T14:03:18","guid":{"rendered":"https:\/\/www.lebens-qi.at\/qishop\/?post_type=product&#038;p=8627"},"modified":"2024-12-19T12:16:15","modified_gmt":"2024-12-19T11:16:15","slug":"schwarzer-turmalin-anhaenger-geschliffen","status":"publish","type":"product","link":"https:\/\/www.lebens-qi.at\/qishop\/produkt\/schwarzer-turmalin-anhaenger-geschliffen\/","title":{"rendered":"Schwarzer Turmalin Anh\u00e4nger geschliffen mit Silberkappe"},"content":{"rendered":"<p><b>Schwarzer Turmalin Edelsteinanh\u00e4nger <\/b><br \/>\nGeschliffener Kristall in schlanker Form mit Kappe und \u00d6se aus <strong>925er Silber<\/strong><\/p>\n<p>Farbe: schwarz<br \/>\nChakrazuordnung: Wurzelchakra<br \/>\nThemen: Abwehr, Schutz, Abstand<br \/>\nSternzeichen: Steinbock<br \/>\nGr\u00f6\u00dfe: ca. 2,5-3,5 cm (ohne \u00d6se)<\/p>\n<p><em>Hinweis: Symbolfoto \u2013 Abweichungen in Gr\u00f6\u00dfe, Farbe und Form sind bei nat\u00fcrlichen Steinen normal.<br \/>\nLieferumfang: 1 Anh\u00e4nger ohne Band\/Kette<\/em><\/p>\n","protected":false},"excerpt":{"rendered":"<p>Kappe und \u00d6se aus 925er Silber<\/p>\n","protected":false},"featured_media":8628,"comment_status":"open","ping_status":"closed","template":"","meta":{"_links_to":"","_links_to_target":""},"pwb-brand":[114],"product_brand":[],"product_cat":[1739,1740],"product_tag":[543,117,120,116,121,115,197],"class_list":{"0":"post-8627","1":"product","2":"type-product","3":"status-publish","4":"has-post-thumbnail","6":"pwb-brand-lebens-qi-kraft-der-steine","7":"product_cat-andere-steinanhaenger","8":"product_cat-andere-steinanhaenger-steinschmuck-schmuck-mit-wirkung","9":"product_tag-abwehr","10":"product_tag-anhaenger","11":"product_tag-kristall","12":"product_tag-schoerl","13":"product_tag-schutz","14":"product_tag-schwarzer-turmalin","15":"product_tag-turmalin","17":"first","18":"instock","19":"taxable","20":"shipping-taxable","21":"purchasable","22":"product-type-simple"},"blog_post_layout_featured_media_urls":{"thumbnail":["https:\/\/www.lebens-qi.at\/qishop\/wp-content\/uploads\/5973_turmalin-anhaenger-150x150.jpg",150,150,true],"full":["https:\/\/www.lebens-qi.at\/qishop\/wp-content\/uploads\/5973_turmalin-anhaenger.jpg",800,800,false]},"categories":["114"],"categories_names":{"114":{"name":"Lebens-Qi Kraft der Steine","link":"https:\/\/www.lebens-qi.at\/qishop\/brand\/lebens-qi-kraft-der-steine\/"}},"comments_number":"0","brands":[{"id":114,"name":"Lebens-Qi Kraft der Steine","slug":"lebens-qi-kraft-der-steine"}],"_links":{"self":[{"href":"https:\/\/www.lebens-qi.at\/qishop\/wp-json\/wp\/v2\/product\/8627","targetHints":{"allow":["GET"]}}],"collection":[{"href":"https:\/\/www.lebens-qi.at\/qishop\/wp-json\/wp\/v2\/product"}],"about":[{"href":"https:\/\/www.lebens-qi.at\/qishop\/wp-json\/wp\/v2\/types\/product"}],"replies":[{"embeddable":true,"href":"https:\/\/www.lebens-qi.at\/qishop\/wp-json\/wp\/v2\/comments?post=8627"}],"wp:featuredmedia":[{"embeddable":true,"href":"https:\/\/www.lebens-qi.at\/qishop\/wp-json\/wp\/v2\/media\/8628"}],"wp:attachment":[{"href":"https:\/\/www.lebens-qi.at\/qishop\/wp-json\/wp\/v2\/media?parent=8627"}],"wp:term":[{"taxonomy":"pwb-brand","embeddable":true,"href":"https:\/\/www.lebens-qi.at\/qishop\/wp-json\/wp\/v2\/pwb-brand?post=8627"},{"taxonomy":"product_brand","embeddable":true,"href":"https:\/\/www.lebens-qi.at\/qishop\/wp-json\/wp\/v2\/product_brand?post=8627"},{"taxonomy":"product_cat","embeddable":true,"href":"https:\/\/www.lebens-qi.at\/qishop\/wp-json\/wp\/v2\/product_cat?post=8627"},{"taxonomy":"product_tag","embeddable":true,"href":"https:\/\/www.lebens-qi.at\/qishop\/wp-json\/wp\/v2\/product_tag?post=8627"}],"curies":[{"name":"wp","href":"https:\/\/api.w.org\/{rel}","templated":true}]}}