{"id":8633,"date":"2024-07-31T11:54:28","date_gmt":"2024-07-31T09:54:28","guid":{"rendered":"https:\/\/www.lebens-qi.at\/qishop\/?post_type=product&#038;p=8633"},"modified":"2025-07-07T17:31:47","modified_gmt":"2025-07-07T15:31:47","slug":"californian-white-sage-smudge-spray","status":"publish","type":"product","link":"https:\/\/www.lebens-qi.at\/qishop\/produkt\/californian-white-sage-smudge-spray\/","title":{"rendered":"Californian White Sage Smudge Spray"},"content":{"rendered":"<p><strong>Californian White Sage Smudge Spray<\/strong><\/p>\n<p>Wei\u00dfer Salbei Raumspray zur energetischen Reinigung &#8211; Spr\u00fchen statt R\u00e4uchern<\/p>\n<p>Wenn es die Situation nicht zul\u00e4sst, dass ein Raum ausger\u00e4uchert wird (zB wegen Rauchmeldern!) ist dieser Spray eine M\u00f6glichkeit, diesen trotzdem energetisch zu reinigen. Befreit von stagnierender Energie mit der Kraft von wei\u00dfem Salbei. Die Eigenschaften sind sehr \u00e4hnlich des Smudgens, jedoch ohne Rauch. Es hinterl\u00e4sst einen angenehmen, entspannenden und erfrischenden Duft im Raum.<\/p>\n<p><b>Verwendung:<\/b><br \/>\n1. Formulieren Sie eine Absicht, mit der Sie die negative Energie beseitigen wollen. Wenn Sie sich die Zeit nehmen, um auch eine positive Absicht zu bedenken, wird das einen Mehrwert ergeben. &#8222;Ich lasse alle Energien los, die mir nicht mehr dienen, sowie alle Negativit\u00e4t und \u00c4ngste, die mich einschr\u00e4nken. M\u00f6ge es so sein &#8230;&#8220;<br \/>\n2. Spr\u00fchen Sie einige Male in die Ecken und arbeiten Sie sich in Richtung der Raummitte vor. Lassen Sie den Duft durch den Raum flie\u00dfen, indem sie ihn mit den H\u00e4nden verbreiten.<br \/>\n3. Nachdem der Raum energetisch gereinigt wurde, k\u00f6nnen Sie mit einem Gebet, einem Segen oder einer Affirmation eine neue Absicht f\u00fcr positive Energie ausdr\u00fccken. &#8222;M\u00f6ge die positive Energie zum Wohl meiner selbst, meiner Mitbewohner, der Erde und aller dort lebenden Kreaturen beitragen.&#8220;<br \/>\n<b><br \/>\nAnwendung: <\/b><br \/>\nZur t\u00e4glichen Verwendung zu Hause, im B\u00fcro, im Auto oder im Yoga-Studio, etc. Spr\u00fchen Sie 3-5 Sekunden lang mit einer gleichm\u00e4\u00dfigen Bewegung um sich herum. Regelm\u00e4\u00dfig anwenden.<\/p>\n<p><b>Inhaltsstoffe:<\/b><br \/>\nKristallessenzen, demineralisiertes Wasser, Parf\u00fcmmischung mit \u00e4therischen \u00d6len, parabenfreies Konservierungsmittel<\/p>\n<p><em><b>Hinweis:<\/b><br \/>\nNur zur \u00e4u\u00dferlichen Anwendung in einem gut bel\u00fcfteten Bereich. Vermeiden Sie direkten Augenkontakt. Darf nicht in die H\u00e4nde von Kindern gelangen.<\/em><\/p>\n","protected":false},"excerpt":{"rendered":"<p>Wei\u00dfer Salbei Raumspray &#8211; Spr\u00fchen statt R\u00e4uchern<\/p>\n","protected":false},"featured_media":8634,"comment_status":"open","ping_status":"closed","template":"","meta":{"_links_to":"","_links_to_target":""},"pwb-brand":[1823],"product_brand":[],"product_cat":[125],"product_tag":[855,201,675,156,676],"class_list":{"0":"post-8633","1":"product","2":"type-product","3":"status-publish","4":"has-post-thumbnail","6":"pwb-brand-aromafume","7":"product_cat-aromatherapie","8":"product_tag-aromatherapie","9":"product_tag-raumspray","10":"product_tag-smudge","11":"product_tag-spray","12":"product_tag-weisser-salbei","13":"pa_herkunft-indien","15":"first","16":"instock","17":"taxable","18":"shipping-taxable","19":"purchasable","20":"product-type-simple"},"blog_post_layout_featured_media_urls":{"thumbnail":["https:\/\/www.lebens-qi.at\/qishop\/wp-content\/uploads\/17913-white-sage-smudge-spray-150x150.jpg",150,150,true],"full":["https:\/\/www.lebens-qi.at\/qishop\/wp-content\/uploads\/17913-white-sage-smudge-spray.jpg",800,800,false]},"categories":["1823"],"categories_names":{"1823":{"name":"Aromafume","link":"https:\/\/www.lebens-qi.at\/qishop\/brand\/aromafume\/"}},"comments_number":"0","brands":[{"id":1823,"name":"Aromafume","slug":"aromafume"}],"_links":{"self":[{"href":"https:\/\/www.lebens-qi.at\/qishop\/wp-json\/wp\/v2\/product\/8633","targetHints":{"allow":["GET"]}}],"collection":[{"href":"https:\/\/www.lebens-qi.at\/qishop\/wp-json\/wp\/v2\/product"}],"about":[{"href":"https:\/\/www.lebens-qi.at\/qishop\/wp-json\/wp\/v2\/types\/product"}],"replies":[{"embeddable":true,"href":"https:\/\/www.lebens-qi.at\/qishop\/wp-json\/wp\/v2\/comments?post=8633"}],"wp:featuredmedia":[{"embeddable":true,"href":"https:\/\/www.lebens-qi.at\/qishop\/wp-json\/wp\/v2\/media\/8634"}],"wp:attachment":[{"href":"https:\/\/www.lebens-qi.at\/qishop\/wp-json\/wp\/v2\/media?parent=8633"}],"wp:term":[{"taxonomy":"pwb-brand","embeddable":true,"href":"https:\/\/www.lebens-qi.at\/qishop\/wp-json\/wp\/v2\/pwb-brand?post=8633"},{"taxonomy":"product_brand","embeddable":true,"href":"https:\/\/www.lebens-qi.at\/qishop\/wp-json\/wp\/v2\/product_brand?post=8633"},{"taxonomy":"product_cat","embeddable":true,"href":"https:\/\/www.lebens-qi.at\/qishop\/wp-json\/wp\/v2\/product_cat?post=8633"},{"taxonomy":"product_tag","embeddable":true,"href":"https:\/\/www.lebens-qi.at\/qishop\/wp-json\/wp\/v2\/product_tag?post=8633"}],"curies":[{"name":"wp","href":"https:\/\/api.w.org\/{rel}","templated":true}]}}