{"id":8740,"date":"2024-08-20T16:00:54","date_gmt":"2024-08-20T14:00:54","guid":{"rendered":"https:\/\/www.lebens-qi.at\/qishop\/?post_type=product&#038;p=8740"},"modified":"2025-09-12T10:51:16","modified_gmt":"2025-09-12T08:51:16","slug":"lavendel-zitrone-koerpercreme-klein","status":"publish","type":"product","link":"https:\/\/www.lebens-qi.at\/qishop\/produkt\/lavendel-zitrone-koerpercreme-klein\/","title":{"rendered":"Lavendel-Zitrone K\u00f6rpercreme klein"},"content":{"rendered":"<p><b>Lavendel-Zitrone K\u00f6rpercreme &#8211; Ecocert nat.<\/b><\/p>\n<p>Die ausgewogene Balance f\u00fcr Geist und K\u00f6rper vereint in einer reichhaltigen Rezeptur. Die Wirkstoffe des Lavendels beruhigen, entspannen und pflegen durch ihre vielf\u00e4ltigen Eigenschaften die Haut auf ganz besondere Weise. Der erfrischende Duft der Zitrone rundet das Pflegeerlebnis ab.<\/p>\n<p><b>Die ausgewogene Balance f\u00fcr Geist und K\u00f6rper vereint in einer reichhaltigen Rezeptur. <\/b><\/p>\n<p>Inhalt: 50 ml<\/p>\n<p><em><b>Inhaltsstoffe nach INCI (CTFA):<\/b><br \/>\nAQUA (WATER), GLYCERYL STEARATE CITRATE, BUTYROSPERMUM PARKII (SHEA) BUTTER*, CAPRYLIC\/CAPRIC TRIGLYCERIDE, GLYCERIN, SQUALANE, CETYL ALCOHOL, LAVANDULA ANGUSTIFOLIA (LAVENDER) FLOWER WATER*, GLYCINE SOJA (SOYBEAN) OIL*, OLEA EUROPAEA (OLIVE) FRUIT OIL, PARFUM**, MACADAMIA INTEGRIFOLIA\/TETRAPHYLLA SEED OIL*, SIMMONDSIA CHINENSIS (JOJOBA) SEED OIL*, OLEA EUROPAEA (OLIVE) OIL UNSAPONIFIABLES, LAVANDULA ANGUSTIFOLIA (LAVENDER) OIL*, CITRUS LIMON (LEMON) PEEL OIL, MAGNOLIA OFFICINALIS BARK EXTRACT, GLYCERYL CAPRYLATE, PENTYLENE GLYCOL, LINALOOL, LIMONENE, XANTHAN GUM, CITRIC ACID, TOCOPHEROL, GERANIOL, CITRAL, COUMARIN<br \/>\n*Inhaltsstoffe aus kontrolliert biologischem Anbau<br \/>\n**Parfum nat\u00fcrlichen Ursprungs<\/em><\/p>\n<p>99% nat\u00fcrlicher Ursprung im Gesamtprodukt<br \/>\n11% der gesamten Inhaltsstoffe sind aus kontrolliert biologischem Anbau<\/p>\n<p>COSMOS NATURAL nach dem COSMOS Standard durch Ecocert Greenlife zertifiziert, Standard verf\u00fcgbar unter http:\/\/COSMOS.ecocert.com<\/p>\n<p><em>Die aufgef\u00fchrten Inhaltsstoffe entsprechen dem aktuellen Stand der Produktion. Da STYX regelm\u00e4\u00dfig neue wissenschaftliche Erkenntnisse die Rezepturen einflie\u00dfen l\u00e4sst und die Formulierungen entsprechend \u00e4ndert, ist die jeweils auf der Packung ausgewiesene Angabe der Inhaltsstoffe ma\u00dfgeblich.<\/em><\/p>\n","protected":false},"excerpt":{"rendered":"<p>Balance f\u00fcr Geist und K\u00f6rper<\/p>\n","protected":false},"featured_media":8741,"comment_status":"open","ping_status":"closed","template":"","meta":{"_links_to":"","_links_to_target":""},"pwb-brand":[263],"product_brand":[],"product_cat":[2151,271],"product_tag":[272,225,92,234,238,275],"class_list":{"0":"post-8740","1":"product","2":"type-product","3":"status-publish","4":"has-post-thumbnail","6":"pwb-brand-styx","7":"product_cat-koerperpflege","8":"product_cat-kunst-der-pflege","9":"product_tag-koerpercreme","10":"product_tag-lavendel","11":"product_tag-naturkosmetik","12":"product_tag-sheabutter","13":"product_tag-styx","14":"product_tag-zitrone","16":"first","17":"instock","18":"taxable","19":"shipping-taxable","20":"purchasable","21":"product-type-simple"},"blog_post_layout_featured_media_urls":{"thumbnail":["https:\/\/www.lebens-qi.at\/qishop\/wp-content\/uploads\/706_0-lavendel-zitrone-creme-150x150.jpg",150,150,true],"full":["https:\/\/www.lebens-qi.at\/qishop\/wp-content\/uploads\/706_0-lavendel-zitrone-creme.jpg",600,600,false]},"categories":["263"],"categories_names":{"263":{"name":"STYX","link":"https:\/\/www.lebens-qi.at\/qishop\/brand\/styx\/"}},"comments_number":"0","brands":[{"id":263,"name":"STYX","slug":"styx"}],"_links":{"self":[{"href":"https:\/\/www.lebens-qi.at\/qishop\/wp-json\/wp\/v2\/product\/8740","targetHints":{"allow":["GET"]}}],"collection":[{"href":"https:\/\/www.lebens-qi.at\/qishop\/wp-json\/wp\/v2\/product"}],"about":[{"href":"https:\/\/www.lebens-qi.at\/qishop\/wp-json\/wp\/v2\/types\/product"}],"replies":[{"embeddable":true,"href":"https:\/\/www.lebens-qi.at\/qishop\/wp-json\/wp\/v2\/comments?post=8740"}],"wp:featuredmedia":[{"embeddable":true,"href":"https:\/\/www.lebens-qi.at\/qishop\/wp-json\/wp\/v2\/media\/8741"}],"wp:attachment":[{"href":"https:\/\/www.lebens-qi.at\/qishop\/wp-json\/wp\/v2\/media?parent=8740"}],"wp:term":[{"taxonomy":"pwb-brand","embeddable":true,"href":"https:\/\/www.lebens-qi.at\/qishop\/wp-json\/wp\/v2\/pwb-brand?post=8740"},{"taxonomy":"product_brand","embeddable":true,"href":"https:\/\/www.lebens-qi.at\/qishop\/wp-json\/wp\/v2\/product_brand?post=8740"},{"taxonomy":"product_cat","embeddable":true,"href":"https:\/\/www.lebens-qi.at\/qishop\/wp-json\/wp\/v2\/product_cat?post=8740"},{"taxonomy":"product_tag","embeddable":true,"href":"https:\/\/www.lebens-qi.at\/qishop\/wp-json\/wp\/v2\/product_tag?post=8740"}],"curies":[{"name":"wp","href":"https:\/\/api.w.org\/{rel}","templated":true}]}}