{"id":8780,"date":"2024-08-26T18:08:44","date_gmt":"2024-08-26T16:08:44","guid":{"rendered":"https:\/\/www.lebens-qi.at\/qishop\/?post_type=product&#038;p=8780"},"modified":"2025-09-19T14:04:12","modified_gmt":"2025-09-19T12:04:12","slug":"suesswasserperlen-collier-rose","status":"publish","type":"product","link":"https:\/\/www.lebens-qi.at\/qishop\/produkt\/suesswasserperlen-collier-rose\/","title":{"rendered":"S\u00fc\u00dfwasserperlen-Collier ros\u00e9"},"content":{"rendered":"<p>Perlen werden (so wie Steine) nicht nur wegen Ihrer Optik, sondern auch zur Unterst\u00fctzung bei verschiedenen Themen als Schmuck getragen. So sollen sie die Gef\u00fchlstiefe st\u00e4rken und bei der Aufl\u00f6sung von Konflikten helfen.<\/p>\n<p>Collier aus echten S\u00fc\u00dfwasserperlen.<br \/>\nVerschluss aus Edelstahl<br \/>\n<b>Material:<\/b> S\u00fc\u00dfwasserperlen, Edelstahl<br \/>\n<b>Kettenl\u00e4nge:<\/b> ca. 42 cm<br \/>\n<strong>Perlengr\u00f6\u00dfe:<\/strong> ca. 6-7 x 4-5 mm in Reiskorn-Form<br \/>\n<strong>Farbe:<\/strong> ros\u00e9 (natur\/ungef\u00e4rbt)<br \/>\ngef\u00e4delt auf robustem Edelstahldraht<\/p>\n<p>Angefertigt im LEBENS-QI G\u00e4nserndorf<\/p>\n","protected":false},"excerpt":{"rendered":"<p>f\u00fcr Gef\u00fchlstiefe<\/p>\n","protected":false},"featured_media":15112,"comment_status":"open","ping_status":"closed","template":"","meta":{"_links_to":"","_links_to_target":""},"pwb-brand":[161],"product_brand":[],"product_cat":[1849,3022],"product_tag":[997,118,998],"class_list":{"0":"post-8780","1":"product","2":"type-product","3":"status-publish","4":"has-post-thumbnail","6":"pwb-brand-lebens-qi","7":"product_cat-perlen-muscheln","8":"product_cat-sommer-urlaubsfeeling","9":"product_tag-kette","10":"product_tag-schmuck","11":"product_tag-suesswasserperlen","13":"first","14":"instock","15":"sold-individually","16":"taxable","17":"shipping-taxable","18":"purchasable","19":"product-type-simple"},"blog_post_layout_featured_media_urls":{"thumbnail":["https:\/\/www.lebens-qi.at\/qishop\/wp-content\/uploads\/Perlen-Kette-rosa1-150x150.png",150,150,true],"full":["https:\/\/www.lebens-qi.at\/qishop\/wp-content\/uploads\/Perlen-Kette-rosa1.png",800,800,false]},"categories":["161"],"categories_names":{"161":{"name":"LEBENS-QI","link":"https:\/\/www.lebens-qi.at\/qishop\/brand\/lebens-qi\/"}},"comments_number":"0","brands":[{"id":161,"name":"LEBENS-QI","slug":"lebens-qi"}],"_links":{"self":[{"href":"https:\/\/www.lebens-qi.at\/qishop\/wp-json\/wp\/v2\/product\/8780","targetHints":{"allow":["GET"]}}],"collection":[{"href":"https:\/\/www.lebens-qi.at\/qishop\/wp-json\/wp\/v2\/product"}],"about":[{"href":"https:\/\/www.lebens-qi.at\/qishop\/wp-json\/wp\/v2\/types\/product"}],"replies":[{"embeddable":true,"href":"https:\/\/www.lebens-qi.at\/qishop\/wp-json\/wp\/v2\/comments?post=8780"}],"wp:featuredmedia":[{"embeddable":true,"href":"https:\/\/www.lebens-qi.at\/qishop\/wp-json\/wp\/v2\/media\/15112"}],"wp:attachment":[{"href":"https:\/\/www.lebens-qi.at\/qishop\/wp-json\/wp\/v2\/media?parent=8780"}],"wp:term":[{"taxonomy":"pwb-brand","embeddable":true,"href":"https:\/\/www.lebens-qi.at\/qishop\/wp-json\/wp\/v2\/pwb-brand?post=8780"},{"taxonomy":"product_brand","embeddable":true,"href":"https:\/\/www.lebens-qi.at\/qishop\/wp-json\/wp\/v2\/product_brand?post=8780"},{"taxonomy":"product_cat","embeddable":true,"href":"https:\/\/www.lebens-qi.at\/qishop\/wp-json\/wp\/v2\/product_cat?post=8780"},{"taxonomy":"product_tag","embeddable":true,"href":"https:\/\/www.lebens-qi.at\/qishop\/wp-json\/wp\/v2\/product_tag?post=8780"}],"curies":[{"name":"wp","href":"https:\/\/api.w.org\/{rel}","templated":true}]}}