{"id":8800,"date":"2024-08-27T11:32:17","date_gmt":"2024-08-27T09:32:17","guid":{"rendered":"https:\/\/www.lebens-qi.at\/qishop\/produkt\/schildkroete-glueckscharm-stahl\/"},"modified":"2025-05-02T15:39:00","modified_gmt":"2025-05-02T13:39:00","slug":"schildkroete-glueckscharm-stahl","status":"publish","type":"product","link":"https:\/\/www.lebens-qi.at\/qishop\/produkt\/schildkroete-glueckscharm-stahl\/","title":{"rendered":"Schildkr\u00f6te Gl\u00fcckscharm &#8211; stahl"},"content":{"rendered":"<p><b>Die Schildkr\u00f6te ist dein best\u00e4ndiger Begleiter auf deinem Weg zum Gl\u00fcck.<\/p>\n<p>Gl\u00fcckscharm Schildkr\u00f6te<br \/>\n<\/b>passend zum Gl\u00fccksarmband und zur Gl\u00fcckshalskette<br \/>\n<b>Material:<\/b> Edelstahl<br \/>\n<b>Farbe: <\/b> Silber<br \/>\n<b>Gr\u00f6\u00dfe: <\/b> Durchmesser ca. 1,5 cm<br \/>\nmit Federverschluss zum einfachen Einh\u00e4ngen in deinem Gl\u00fccksarmband bzw. in deiner Gl\u00fcckshalskette<\/p>\n","protected":false},"excerpt":{"rendered":"<p>Best\u00e4ndigkeit &amp; Gl\u00fcck<\/p>\n","protected":false},"featured_media":14553,"comment_status":"open","ping_status":"closed","template":"","meta":{"_links_to":"","_links_to_target":""},"pwb-brand":[1860],"product_brand":[],"product_cat":[1852,1012],"product_tag":[117,1853,784,1484,1057,1113,118],"class_list":{"0":"post-8800","1":"product","2":"type-product","3":"status-publish","4":"has-post-thumbnail","6":"pwb-brand-gluecksbringer","7":"product_cat-gluecksbringer","8":"product_cat-krafttierschmuck","9":"product_tag-anhaenger","10":"product_tag-charm","11":"product_tag-edelstahl","12":"product_tag-gluecksbringer","13":"product_tag-krafttier","14":"product_tag-schildkroete","15":"product_tag-schmuck","17":"first","18":"instock","19":"taxable","20":"shipping-taxable","21":"purchasable","22":"product-type-simple"},"blog_post_layout_featured_media_urls":{"thumbnail":["https:\/\/www.lebens-qi.at\/qishop\/wp-content\/uploads\/Schildkroete-stahl-150x150.png",150,150,true],"full":["https:\/\/www.lebens-qi.at\/qishop\/wp-content\/uploads\/Schildkroete-stahl.png",800,800,false]},"categories":["1860"],"categories_names":{"1860":{"name":"Gl\u00fccksbringer","link":"https:\/\/www.lebens-qi.at\/qishop\/brand\/gluecksbringer\/"}},"comments_number":"0","brands":[{"id":1860,"name":"Gl\u00fccksbringer","slug":"gluecksbringer"}],"_links":{"self":[{"href":"https:\/\/www.lebens-qi.at\/qishop\/wp-json\/wp\/v2\/product\/8800","targetHints":{"allow":["GET"]}}],"collection":[{"href":"https:\/\/www.lebens-qi.at\/qishop\/wp-json\/wp\/v2\/product"}],"about":[{"href":"https:\/\/www.lebens-qi.at\/qishop\/wp-json\/wp\/v2\/types\/product"}],"replies":[{"embeddable":true,"href":"https:\/\/www.lebens-qi.at\/qishop\/wp-json\/wp\/v2\/comments?post=8800"}],"wp:featuredmedia":[{"embeddable":true,"href":"https:\/\/www.lebens-qi.at\/qishop\/wp-json\/wp\/v2\/media\/14553"}],"wp:attachment":[{"href":"https:\/\/www.lebens-qi.at\/qishop\/wp-json\/wp\/v2\/media?parent=8800"}],"wp:term":[{"taxonomy":"pwb-brand","embeddable":true,"href":"https:\/\/www.lebens-qi.at\/qishop\/wp-json\/wp\/v2\/pwb-brand?post=8800"},{"taxonomy":"product_brand","embeddable":true,"href":"https:\/\/www.lebens-qi.at\/qishop\/wp-json\/wp\/v2\/product_brand?post=8800"},{"taxonomy":"product_cat","embeddable":true,"href":"https:\/\/www.lebens-qi.at\/qishop\/wp-json\/wp\/v2\/product_cat?post=8800"},{"taxonomy":"product_tag","embeddable":true,"href":"https:\/\/www.lebens-qi.at\/qishop\/wp-json\/wp\/v2\/product_tag?post=8800"}],"curies":[{"name":"wp","href":"https:\/\/api.w.org\/{rel}","templated":true}]}}