{"id":8804,"date":"2024-08-27T11:32:20","date_gmt":"2024-08-27T09:32:20","guid":{"rendered":"https:\/\/www.lebens-qi.at\/qishop\/produkt\/eule-glueckscharm-stahl\/"},"modified":"2025-05-02T15:35:23","modified_gmt":"2025-05-02T13:35:23","slug":"eule-glueckscharm-stahl","status":"publish","type":"product","link":"https:\/\/www.lebens-qi.at\/qishop\/produkt\/eule-glueckscharm-stahl\/","title":{"rendered":"Eule Gl\u00fcckscharm &#8211; stahl"},"content":{"rendered":"<p><b>Die Eulen sind Boten des Gl\u00fccks. Wenn man eine sieht, sollte man sich dar\u00fcber freuen.<\/p>\n<p>Gl\u00fcckscharm Eule<br \/>\n<\/b>passend zum Gl\u00fccksarmband und zur Gl\u00fcckshalskette<br \/>\n<b>Material:<\/b> Edelstahl<br \/>\n<b>Farbe: <\/b> Silber<br \/>\n<b>Gr\u00f6\u00dfe: <\/b> Durchmesser ca. 1,5 cm<br \/>\nmit Federverschluss zum einfachen Einh\u00e4ngen in deinem Gl\u00fccksarmband bzw. in deiner Gl\u00fcckshalskette<\/p>\n","protected":false},"excerpt":{"rendered":"<p>Weisheit &amp; Gl\u00fcck<\/p>\n","protected":false},"featured_media":14550,"comment_status":"open","ping_status":"closed","template":"","meta":{"_links_to":"","_links_to_target":""},"pwb-brand":[1860],"product_brand":[],"product_cat":[1852,1012],"product_tag":[117,1853,784,947,1484,1057,118],"class_list":{"0":"post-8804","1":"product","2":"type-product","3":"status-publish","4":"has-post-thumbnail","6":"pwb-brand-gluecksbringer","7":"product_cat-gluecksbringer","8":"product_cat-krafttierschmuck","9":"product_tag-anhaenger","10":"product_tag-charm","11":"product_tag-edelstahl","12":"product_tag-eule","13":"product_tag-gluecksbringer","14":"product_tag-krafttier","15":"product_tag-schmuck","17":"first","18":"instock","19":"taxable","20":"shipping-taxable","21":"purchasable","22":"product-type-simple"},"blog_post_layout_featured_media_urls":{"thumbnail":["https:\/\/www.lebens-qi.at\/qishop\/wp-content\/uploads\/Eule-stahl-150x150.png",150,150,true],"full":["https:\/\/www.lebens-qi.at\/qishop\/wp-content\/uploads\/Eule-stahl.png",800,800,false]},"categories":["1860"],"categories_names":{"1860":{"name":"Gl\u00fccksbringer","link":"https:\/\/www.lebens-qi.at\/qishop\/brand\/gluecksbringer\/"}},"comments_number":"0","brands":[{"id":1860,"name":"Gl\u00fccksbringer","slug":"gluecksbringer"}],"_links":{"self":[{"href":"https:\/\/www.lebens-qi.at\/qishop\/wp-json\/wp\/v2\/product\/8804","targetHints":{"allow":["GET"]}}],"collection":[{"href":"https:\/\/www.lebens-qi.at\/qishop\/wp-json\/wp\/v2\/product"}],"about":[{"href":"https:\/\/www.lebens-qi.at\/qishop\/wp-json\/wp\/v2\/types\/product"}],"replies":[{"embeddable":true,"href":"https:\/\/www.lebens-qi.at\/qishop\/wp-json\/wp\/v2\/comments?post=8804"}],"wp:featuredmedia":[{"embeddable":true,"href":"https:\/\/www.lebens-qi.at\/qishop\/wp-json\/wp\/v2\/media\/14550"}],"wp:attachment":[{"href":"https:\/\/www.lebens-qi.at\/qishop\/wp-json\/wp\/v2\/media?parent=8804"}],"wp:term":[{"taxonomy":"pwb-brand","embeddable":true,"href":"https:\/\/www.lebens-qi.at\/qishop\/wp-json\/wp\/v2\/pwb-brand?post=8804"},{"taxonomy":"product_brand","embeddable":true,"href":"https:\/\/www.lebens-qi.at\/qishop\/wp-json\/wp\/v2\/product_brand?post=8804"},{"taxonomy":"product_cat","embeddable":true,"href":"https:\/\/www.lebens-qi.at\/qishop\/wp-json\/wp\/v2\/product_cat?post=8804"},{"taxonomy":"product_tag","embeddable":true,"href":"https:\/\/www.lebens-qi.at\/qishop\/wp-json\/wp\/v2\/product_tag?post=8804"}],"curies":[{"name":"wp","href":"https:\/\/api.w.org\/{rel}","templated":true}]}}