{"id":8842,"date":"2024-08-27T11:32:49","date_gmt":"2024-08-27T09:32:49","guid":{"rendered":"https:\/\/www.lebens-qi.at\/qishop\/produkt\/geburtsstein-april\/"},"modified":"2025-05-02T17:30:56","modified_gmt":"2025-05-02T15:30:56","slug":"geburtsstein-april","status":"publish","type":"product","link":"https:\/\/www.lebens-qi.at\/qishop\/produkt\/geburtsstein-april\/","title":{"rendered":"Geburtsstein April"},"content":{"rendered":"<p><b>Kristall Kristallwei\u00df &#8211; Symbol f\u00fcr April<\/b><\/p>\n<p>Die sch\u00f6nen Kristall-Gl\u00fccksbringer in Tropfenform werden Geburtssteine genannt und symbolisieren deinen Geburtsmonat oder ein Monat, der dir auf Grund eines besonderen Ereignisses wichtig ist.<br \/>\n<b><br \/>\nGeschenktipp: <\/b>Die Monatskristalle k\u00f6nnen auch symbolisch f\u00fcr eine wichtige Person (z.B. f\u00fcr Partner*in oder jedes Kind\/Enkerl) ausgew\u00e4hlt werden<\/p>\n<p><b>Gl\u00fcckscharm Kristall Geburtsstein April &#8211; Kristallwei\u00df<br \/>\n<\/b>passend zum Gl\u00fccksarmband und zur Gl\u00fcckshalskette<br \/>\n<b>Material: <\/b>Edelstahl \/ Glaskristall<br \/>\n<b>Farbe der Fassung\/Verschluss:<\/b> Silber<br \/>\n<b>Farbe Kristall:<\/b> Kristallwei\u00df<br \/>\n<b>Gr\u00f6\u00dfe: <\/b>ca. 1,5 cm<br \/>\nmit Federverschluss zum einfachen Einh\u00e4ngen in deinem Gl\u00fccksarmband bzw. in deiner Gl\u00fcckshalskette<\/p>\n","protected":false},"excerpt":{"rendered":"<p>Kristallwei\u00df<\/p>\n","protected":false},"featured_media":14525,"comment_status":"open","ping_status":"closed","template":"","meta":{"_links_to":"","_links_to_target":""},"pwb-brand":[1860],"product_brand":[],"product_cat":[1852],"product_tag":[117,1853,784,1859,1484,118],"class_list":{"0":"post-8842","1":"product","2":"type-product","3":"status-publish","4":"has-post-thumbnail","6":"pwb-brand-gluecksbringer","7":"product_cat-gluecksbringer","8":"product_tag-anhaenger","9":"product_tag-charm","10":"product_tag-edelstahl","11":"product_tag-geburtsstein","12":"product_tag-gluecksbringer","13":"product_tag-schmuck","15":"first","16":"outofstock","17":"taxable","18":"shipping-taxable","19":"purchasable","20":"product-type-simple"},"blog_post_layout_featured_media_urls":{"thumbnail":["https:\/\/www.lebens-qi.at\/qishop\/wp-content\/uploads\/April-1-150x150.png",150,150,true],"full":["https:\/\/www.lebens-qi.at\/qishop\/wp-content\/uploads\/April-1.png",800,800,false]},"categories":["1860"],"categories_names":{"1860":{"name":"Gl\u00fccksbringer","link":"https:\/\/www.lebens-qi.at\/qishop\/brand\/gluecksbringer\/"}},"comments_number":"0","brands":[{"id":1860,"name":"Gl\u00fccksbringer","slug":"gluecksbringer"}],"_links":{"self":[{"href":"https:\/\/www.lebens-qi.at\/qishop\/wp-json\/wp\/v2\/product\/8842","targetHints":{"allow":["GET"]}}],"collection":[{"href":"https:\/\/www.lebens-qi.at\/qishop\/wp-json\/wp\/v2\/product"}],"about":[{"href":"https:\/\/www.lebens-qi.at\/qishop\/wp-json\/wp\/v2\/types\/product"}],"replies":[{"embeddable":true,"href":"https:\/\/www.lebens-qi.at\/qishop\/wp-json\/wp\/v2\/comments?post=8842"}],"wp:featuredmedia":[{"embeddable":true,"href":"https:\/\/www.lebens-qi.at\/qishop\/wp-json\/wp\/v2\/media\/14525"}],"wp:attachment":[{"href":"https:\/\/www.lebens-qi.at\/qishop\/wp-json\/wp\/v2\/media?parent=8842"}],"wp:term":[{"taxonomy":"pwb-brand","embeddable":true,"href":"https:\/\/www.lebens-qi.at\/qishop\/wp-json\/wp\/v2\/pwb-brand?post=8842"},{"taxonomy":"product_brand","embeddable":true,"href":"https:\/\/www.lebens-qi.at\/qishop\/wp-json\/wp\/v2\/product_brand?post=8842"},{"taxonomy":"product_cat","embeddable":true,"href":"https:\/\/www.lebens-qi.at\/qishop\/wp-json\/wp\/v2\/product_cat?post=8842"},{"taxonomy":"product_tag","embeddable":true,"href":"https:\/\/www.lebens-qi.at\/qishop\/wp-json\/wp\/v2\/product_tag?post=8842"}],"curies":[{"name":"wp","href":"https:\/\/api.w.org\/{rel}","templated":true}]}}