{"id":8860,"date":"2024-08-27T11:32:57","date_gmt":"2024-08-27T09:32:57","guid":{"rendered":"https:\/\/www.lebens-qi.at\/qishop\/produkt\/blume-des-lebens-anhaenger-stahl\/"},"modified":"2025-05-02T16:00:46","modified_gmt":"2025-05-02T14:00:46","slug":"blume-des-lebens-anhaenger-stahl","status":"publish","type":"product","link":"https:\/\/www.lebens-qi.at\/qishop\/produkt\/blume-des-lebens-anhaenger-stahl\/","title":{"rendered":"Blume des Lebens Anh\u00e4nger &#8211; stahl"},"content":{"rendered":"<p><b>Die Blume des Lebens gilt als uraltes Symbol f\u00fcr Harmonie &amp; Energie und erfreut sich aktuell besonders gro\u00dfer Beliebtheit.<\/b><\/p>\n<p>Anh\u00e4nger Blume des Lebens<br \/>\npassend zur feinen Gl\u00fcckshalskette<br \/>\n<b>Material:<\/b> Edelstahl<br \/>\n<b>Farbe: <\/b>Silber<br \/>\n<b>Gr\u00f6\u00dfe:<\/b> Durchmesser ca. 2 cm<br \/>\nmit Anh\u00e4nger\u00f6se und kleinem eingravierten Gl\u00fccksbuddha auf der R\u00fcckseite des Anh\u00e4ngers<\/p>\n<p>Lieferumfang ohne Kette\/Halsband. Bitte separat bestellen!<\/p>\n","protected":false},"excerpt":{"rendered":"<p>Energie &amp; Harmonie<\/p>\n","protected":false},"featured_media":14563,"comment_status":"open","ping_status":"closed","template":"","meta":{"_links_to":"","_links_to_target":""},"pwb-brand":[1860],"product_brand":[],"product_cat":[582,1852,1011],"product_tag":[117,308,784,1484,1861,118],"class_list":{"0":"post-8860","1":"product","2":"type-product","3":"status-publish","4":"has-post-thumbnail","6":"pwb-brand-gluecksbringer","7":"product_cat-blume-des-lebens-produkte","8":"product_cat-gluecksbringer","9":"product_cat-symbolschmuck","10":"product_tag-anhaenger","11":"product_tag-blume-des-lebens","12":"product_tag-edelstahl","13":"product_tag-gluecksbringer","14":"product_tag-lebenblume","15":"product_tag-schmuck","17":"first","18":"instock","19":"taxable","20":"shipping-taxable","21":"purchasable","22":"product-type-simple"},"blog_post_layout_featured_media_urls":{"thumbnail":["https:\/\/www.lebens-qi.at\/qishop\/wp-content\/uploads\/BdL-stahl-150x150.png",150,150,true],"full":["https:\/\/www.lebens-qi.at\/qishop\/wp-content\/uploads\/BdL-stahl.png",800,800,false]},"categories":["1860"],"categories_names":{"1860":{"name":"Gl\u00fccksbringer","link":"https:\/\/www.lebens-qi.at\/qishop\/brand\/gluecksbringer\/"}},"comments_number":"0","brands":[{"id":1860,"name":"Gl\u00fccksbringer","slug":"gluecksbringer"}],"_links":{"self":[{"href":"https:\/\/www.lebens-qi.at\/qishop\/wp-json\/wp\/v2\/product\/8860","targetHints":{"allow":["GET"]}}],"collection":[{"href":"https:\/\/www.lebens-qi.at\/qishop\/wp-json\/wp\/v2\/product"}],"about":[{"href":"https:\/\/www.lebens-qi.at\/qishop\/wp-json\/wp\/v2\/types\/product"}],"replies":[{"embeddable":true,"href":"https:\/\/www.lebens-qi.at\/qishop\/wp-json\/wp\/v2\/comments?post=8860"}],"wp:featuredmedia":[{"embeddable":true,"href":"https:\/\/www.lebens-qi.at\/qishop\/wp-json\/wp\/v2\/media\/14563"}],"wp:attachment":[{"href":"https:\/\/www.lebens-qi.at\/qishop\/wp-json\/wp\/v2\/media?parent=8860"}],"wp:term":[{"taxonomy":"pwb-brand","embeddable":true,"href":"https:\/\/www.lebens-qi.at\/qishop\/wp-json\/wp\/v2\/pwb-brand?post=8860"},{"taxonomy":"product_brand","embeddable":true,"href":"https:\/\/www.lebens-qi.at\/qishop\/wp-json\/wp\/v2\/product_brand?post=8860"},{"taxonomy":"product_cat","embeddable":true,"href":"https:\/\/www.lebens-qi.at\/qishop\/wp-json\/wp\/v2\/product_cat?post=8860"},{"taxonomy":"product_tag","embeddable":true,"href":"https:\/\/www.lebens-qi.at\/qishop\/wp-json\/wp\/v2\/product_tag?post=8860"}],"curies":[{"name":"wp","href":"https:\/\/api.w.org\/{rel}","templated":true}]}}