{"id":8898,"date":"2024-08-27T11:33:29","date_gmt":"2024-08-27T09:33:29","guid":{"rendered":"https:\/\/www.lebens-qi.at\/qishop\/produkt\/glueckshalskette-fuer-anhaenger-vergoldet-70-cm\/"},"modified":"2025-02-21T10:57:56","modified_gmt":"2025-02-21T09:57:56","slug":"glueckshalskette-fuer-anhaenger-vergoldet-70-cm","status":"publish","type":"product","link":"https:\/\/www.lebens-qi.at\/qishop\/produkt\/glueckshalskette-fuer-anhaenger-vergoldet-70-cm\/","title":{"rendered":"Gl\u00fcckshalskette f\u00fcr Anh\u00e4nger &#8211; vergoldet 70 cm"},"content":{"rendered":"<p><b>Teile deine Gl\u00fccksmomente mit deinen Liebsten!<\/p>\n<p><\/b>Die Gl\u00fccksbringer Halskette ist die perfekt Erg\u00e4nzung f\u00fcr deinen Gl\u00fccks-Anh\u00e4nger. Sie hat sehr feine Glieder und ist in 3 verschiedenen L\u00e4ngen erh\u00e4ltlich<\/p>\n<p>Material: Edelstahl mit 14 kt Goldlegierung veredelt<br \/>Farbe: Gold<br \/>L\u00e4nge: gem\u00e4\u00df Auswahl 50, 60 oder 70 cm<\/p>\n","protected":false},"excerpt":{"rendered":"<p>Gliederkette f\u00fcr Gl\u00fccks-Anh\u00e4nger mit \u00d6se<\/p>\n","protected":false},"featured_media":8895,"comment_status":"open","ping_status":"closed","template":"","meta":{"_links_to":"","_links_to_target":""},"pwb-brand":[1860],"product_brand":[],"product_cat":[1852,1633],"product_tag":[784,1484,1864,997,118],"class_list":{"0":"post-8898","1":"product","2":"type-product","3":"status-publish","4":"has-post-thumbnail","6":"pwb-brand-gluecksbringer","7":"product_cat-gluecksbringer","8":"product_cat-ketten-baender","9":"product_tag-edelstahl","10":"product_tag-gluecksbringer","11":"product_tag-halskette","12":"product_tag-kette","13":"product_tag-schmuck","15":"first","16":"instock","17":"taxable","18":"shipping-taxable","19":"purchasable","20":"product-type-simple"},"blog_post_layout_featured_media_urls":{"thumbnail":["https:\/\/www.lebens-qi.at\/qishop\/wp-content\/uploads\/gbp02gofreigestellt-2-150x150.jpg",150,150,true],"full":["https:\/\/www.lebens-qi.at\/qishop\/wp-content\/uploads\/gbp02gofreigestellt-2.jpg",647,647,false]},"categories":["1860"],"categories_names":{"1860":{"name":"Gl\u00fccksbringer","link":"https:\/\/www.lebens-qi.at\/qishop\/brand\/gluecksbringer\/"}},"comments_number":"0","brands":[{"id":1860,"name":"Gl\u00fccksbringer","slug":"gluecksbringer"}],"_links":{"self":[{"href":"https:\/\/www.lebens-qi.at\/qishop\/wp-json\/wp\/v2\/product\/8898","targetHints":{"allow":["GET"]}}],"collection":[{"href":"https:\/\/www.lebens-qi.at\/qishop\/wp-json\/wp\/v2\/product"}],"about":[{"href":"https:\/\/www.lebens-qi.at\/qishop\/wp-json\/wp\/v2\/types\/product"}],"replies":[{"embeddable":true,"href":"https:\/\/www.lebens-qi.at\/qishop\/wp-json\/wp\/v2\/comments?post=8898"}],"wp:featuredmedia":[{"embeddable":true,"href":"https:\/\/www.lebens-qi.at\/qishop\/wp-json\/wp\/v2\/media\/8895"}],"wp:attachment":[{"href":"https:\/\/www.lebens-qi.at\/qishop\/wp-json\/wp\/v2\/media?parent=8898"}],"wp:term":[{"taxonomy":"pwb-brand","embeddable":true,"href":"https:\/\/www.lebens-qi.at\/qishop\/wp-json\/wp\/v2\/pwb-brand?post=8898"},{"taxonomy":"product_brand","embeddable":true,"href":"https:\/\/www.lebens-qi.at\/qishop\/wp-json\/wp\/v2\/product_brand?post=8898"},{"taxonomy":"product_cat","embeddable":true,"href":"https:\/\/www.lebens-qi.at\/qishop\/wp-json\/wp\/v2\/product_cat?post=8898"},{"taxonomy":"product_tag","embeddable":true,"href":"https:\/\/www.lebens-qi.at\/qishop\/wp-json\/wp\/v2\/product_tag?post=8898"}],"curies":[{"name":"wp","href":"https:\/\/api.w.org\/{rel}","templated":true}]}}