{"id":8933,"date":"2024-08-28T18:20:05","date_gmt":"2024-08-28T16:20:05","guid":{"rendered":"https:\/\/www.lebens-qi.at\/qishop\/?post_type=product&#038;p=8933"},"modified":"2024-12-13T11:59:38","modified_gmt":"2024-12-13T10:59:38","slug":"baumwollband-gewachst-schwarz-kopie","status":"publish","type":"product","link":"https:\/\/www.lebens-qi.at\/qishop\/produkt\/baumwollband-gewachst-schwarz-kopie\/","title":{"rendered":"Baumwollband gewachst dunkelblau mit Verschluss"},"content":{"rendered":"<p><strong>Dunkelblaues Baumwollband <\/strong>gewachst, inkl. Verschluss mit Verl\u00e4ngerungskettchen<br \/>\nL\u00e4nge: ca. 50 cm<br \/>\nSt\u00e4rke: ca. 1,5 mm<br \/>\nMaterial: Baumwolle<br \/>\nPassend f\u00fcr Anh\u00e4nger mit \u00d6se<\/p>\n<p><b>Lieferumfang: <\/b>1 Band<\/p>\n<p>Hinweis: dieses Band passt auch durch die meisten unserer gebohrten <a href=\"https:\/\/www.lebens-qi.at\/qishop\/produkt-kategorie\/kraft-der-steine\/steinschmuck\/gebohrte-steine-steinschmuck\/\">Trommelstein-Anh\u00e4nger<\/a>, allerdings muss daf\u00fcr das Ringerl mit der Verl\u00e4ngerung abmontiert werden, der Stein aufgef\u00e4delt, und dann das Verl\u00e4ngerungskettchen wieder montiert werden. Falls Sie bei uns einen Stein gemeinsam mit diesem Band bestellen, erledigen wir dies gerne kostenlos f\u00fcr Sie! Bitte um Hinweis bei Bestellabschluss.<\/p>\n<p>&nbsp;<\/p>\n","protected":false},"excerpt":{"rendered":"<p>1,5 mm stark<\/p>\n","protected":false},"featured_media":8934,"comment_status":"open","ping_status":"closed","template":"","meta":{"_links_to":"","_links_to_target":""},"pwb-brand":[2128],"product_brand":[],"product_cat":[1633],"product_tag":[1827,980,1637,1826],"class_list":{"0":"post-8933","1":"product","2":"type-product","3":"status-publish","4":"has-post-thumbnail","6":"pwb-brand-snowfall","7":"product_cat-ketten-baender","8":"product_tag-baumwollband","9":"product_tag-baumwolle","10":"product_tag-halsband","11":"product_tag-textilband","13":"first","14":"instock","15":"taxable","16":"shipping-taxable","17":"purchasable","18":"product-type-simple"},"blog_post_layout_featured_media_urls":{"thumbnail":["https:\/\/www.lebens-qi.at\/qishop\/wp-content\/uploads\/D21367-MS1-A-halsband-blau-150x150.jpg",150,150,true],"full":["https:\/\/www.lebens-qi.at\/qishop\/wp-content\/uploads\/D21367-MS1-A-halsband-blau.jpg",800,800,false]},"categories":["2128"],"categories_names":{"2128":{"name":"Snowfall","link":"https:\/\/www.lebens-qi.at\/qishop\/brand\/snowfall\/"}},"comments_number":"0","brands":[{"id":2128,"name":"Snowfall","slug":"snowfall"}],"_links":{"self":[{"href":"https:\/\/www.lebens-qi.at\/qishop\/wp-json\/wp\/v2\/product\/8933","targetHints":{"allow":["GET"]}}],"collection":[{"href":"https:\/\/www.lebens-qi.at\/qishop\/wp-json\/wp\/v2\/product"}],"about":[{"href":"https:\/\/www.lebens-qi.at\/qishop\/wp-json\/wp\/v2\/types\/product"}],"replies":[{"embeddable":true,"href":"https:\/\/www.lebens-qi.at\/qishop\/wp-json\/wp\/v2\/comments?post=8933"}],"wp:featuredmedia":[{"embeddable":true,"href":"https:\/\/www.lebens-qi.at\/qishop\/wp-json\/wp\/v2\/media\/8934"}],"wp:attachment":[{"href":"https:\/\/www.lebens-qi.at\/qishop\/wp-json\/wp\/v2\/media?parent=8933"}],"wp:term":[{"taxonomy":"pwb-brand","embeddable":true,"href":"https:\/\/www.lebens-qi.at\/qishop\/wp-json\/wp\/v2\/pwb-brand?post=8933"},{"taxonomy":"product_brand","embeddable":true,"href":"https:\/\/www.lebens-qi.at\/qishop\/wp-json\/wp\/v2\/product_brand?post=8933"},{"taxonomy":"product_cat","embeddable":true,"href":"https:\/\/www.lebens-qi.at\/qishop\/wp-json\/wp\/v2\/product_cat?post=8933"},{"taxonomy":"product_tag","embeddable":true,"href":"https:\/\/www.lebens-qi.at\/qishop\/wp-json\/wp\/v2\/product_tag?post=8933"}],"curies":[{"name":"wp","href":"https:\/\/api.w.org\/{rel}","templated":true}]}}