{"id":8998,"date":"2024-08-31T09:42:41","date_gmt":"2024-08-31T07:42:41","guid":{"rendered":"https:\/\/www.lebens-qi.at\/qishop\/?post_type=product&#038;p=8998"},"modified":"2024-12-11T12:08:49","modified_gmt":"2024-12-11T11:08:49","slug":"die-kraeuter-in-meinem-garten","status":"publish","type":"product","link":"https:\/\/www.lebens-qi.at\/qishop\/produkt\/die-kraeuter-in-meinem-garten\/","title":{"rendered":"Die Kr\u00e4uter in meinem Garten"},"content":{"rendered":"<p><b>Die Kr\u00e4uter in meinem Garten<\/b><br \/>\n500 Heilpflanzen \u2022 2000 Anwendungen \u2022 1000 Rezepte<br \/>\n<em>von Siegrid Hirsch &amp; Felix Gr\u00fcnberger<br \/>\n<\/em><\/p>\n<p><strong><b>Botanik, Anbau, Magisches, Hom\u00f6opathie, Hildegardmedizin, TCM, Volksheilkunde <\/b><\/strong><\/p>\n<p>Ein ausf\u00fchrliches Werk, das moderne wissenschaftliche Erkenntnisse mit traditionellen \u00dcberlieferungen und ganzheitlichen Energieformen aufs Beste verbindet. In einem umfassenden Pflanzenlexikon werden \u00fcber 500 wirksame Heilpflanzen unserer Heimat von Alant und Alpenveilchen bis Zwergholunder und Zwiebel beschrieben. \u00dcbersichtlich alle Informationen mit \u00fcber 700 Farbfotos, Anbauanleitungen, Bl\u00fcte- und Sammelzeit, Trocknung, Anwendung als Heilmittel, Rezepte mit Zubereitung f\u00fcr Tees, Tinkturen, Weine, Lik\u00f6re, Schn\u00e4pse, Essig, S\u00e4fte, Salben und B\u00e4der. Zugeordnete Edelsteinenergien, TCM, Kr\u00e4utermagie, Planetenzuordnung, Hom\u00f6opathie, Bach-Bl\u00fcten, Sch\u00fc\u00dfler Salze, und viele Tabellen zur Mittelfindung, Symptome- Verzeichnis, Kr\u00e4uterg\u00e4rten, Sachregister. <strong>Das gro\u00dfe Kr\u00e4uterhausbuch f\u00fcr den st\u00e4ndigen Gebrauch in Garten und K\u00fcche.<\/strong><\/p>\n","protected":false},"excerpt":{"rendered":"<p>500 Heilpflanzen \u2022 2000 Anwendungen \u2022 1000 Rezepte<\/p>\n","protected":false},"featured_media":8999,"comment_status":"open","ping_status":"closed","template":"","meta":{"_links_to":"","_links_to_target":""},"pwb-brand":[1296],"product_brand":[],"product_cat":[811],"product_tag":[508,580,1883,1332,1416,1884,306,1277,1159,1334,1885,1882,1650],"class_list":{"0":"post-8998","1":"product","2":"type-product","3":"status-publish","4":"has-post-thumbnail","6":"pwb-brand-freya","7":"product_cat-gesundheit","8":"product_tag-bachblueten","9":"product_tag-buch","10":"product_tag-felix-gruenberger","11":"product_tag-heilpflanzen","12":"product_tag-hildegard-von-bingen","13":"product_tag-homoeopathie","14":"product_tag-kraeuter","15":"product_tag-lexikon","16":"product_tag-magie","17":"product_tag-rezepte","18":"product_tag-schuesslersalze","19":"product_tag-siegrid-hirsch","20":"product_tag-tcm","22":"first","23":"instock","24":"taxable","25":"shipping-taxable","26":"purchasable","27":"product-type-simple"},"blog_post_layout_featured_media_urls":{"thumbnail":["https:\/\/www.lebens-qi.at\/qishop\/wp-content\/uploads\/9783902134790-X-kraeuterinmeinemgarten-150x150.jpg",150,150,true],"full":["https:\/\/www.lebens-qi.at\/qishop\/wp-content\/uploads\/9783902134790-X-kraeuterinmeinemgarten.jpg",624,624,false]},"categories":["1296"],"categories_names":{"1296":{"name":"freya","link":"https:\/\/www.lebens-qi.at\/qishop\/brand\/freya\/"}},"comments_number":"0","brands":[{"id":1296,"name":"freya","slug":"freya"}],"_links":{"self":[{"href":"https:\/\/www.lebens-qi.at\/qishop\/wp-json\/wp\/v2\/product\/8998","targetHints":{"allow":["GET"]}}],"collection":[{"href":"https:\/\/www.lebens-qi.at\/qishop\/wp-json\/wp\/v2\/product"}],"about":[{"href":"https:\/\/www.lebens-qi.at\/qishop\/wp-json\/wp\/v2\/types\/product"}],"replies":[{"embeddable":true,"href":"https:\/\/www.lebens-qi.at\/qishop\/wp-json\/wp\/v2\/comments?post=8998"}],"wp:featuredmedia":[{"embeddable":true,"href":"https:\/\/www.lebens-qi.at\/qishop\/wp-json\/wp\/v2\/media\/8999"}],"wp:attachment":[{"href":"https:\/\/www.lebens-qi.at\/qishop\/wp-json\/wp\/v2\/media?parent=8998"}],"wp:term":[{"taxonomy":"pwb-brand","embeddable":true,"href":"https:\/\/www.lebens-qi.at\/qishop\/wp-json\/wp\/v2\/pwb-brand?post=8998"},{"taxonomy":"product_brand","embeddable":true,"href":"https:\/\/www.lebens-qi.at\/qishop\/wp-json\/wp\/v2\/product_brand?post=8998"},{"taxonomy":"product_cat","embeddable":true,"href":"https:\/\/www.lebens-qi.at\/qishop\/wp-json\/wp\/v2\/product_cat?post=8998"},{"taxonomy":"product_tag","embeddable":true,"href":"https:\/\/www.lebens-qi.at\/qishop\/wp-json\/wp\/v2\/product_tag?post=8998"}],"curies":[{"name":"wp","href":"https:\/\/api.w.org\/{rel}","templated":true}]}}