{"id":9004,"date":"2024-08-31T11:14:20","date_gmt":"2024-08-31T09:14:20","guid":{"rendered":"https:\/\/www.lebens-qi.at\/qishop\/?post_type=product&#038;p=9004"},"modified":"2024-12-12T14:50:58","modified_gmt":"2024-12-12T13:50:58","slug":"die-magie-der-runen","status":"publish","type":"product","link":"https:\/\/www.lebens-qi.at\/qishop\/produkt\/die-magie-der-runen\/","title":{"rendered":"Die Magie der Runen"},"content":{"rendered":"<p><b>Runenrituale <\/b><br \/>\nNutze die Kraft der Zauberzeichen f\u00fcr deinen Alltag<br \/>\n<em>von Richard Lister<br \/>\n<\/em><\/p>\n<div class=\"coverText\">\n<p><strong>Was uns die Runen auch heute noch sagen k\u00f6nnen<\/strong><\/p>\n<p>Runen geh\u00f6ren zu den st\u00e4rksten Wahrsage- und Kommunikationswerkzeugen, die wir besitzen. Einst in Stein, Knochen, Metall oder Holz geritzt, um mit dem Universum in Kontakt zu treten, sich Rat zu holen und in die Zukunft zu blicken, k\u00f6nnen sie uns auch im modernen Alltag die Hilfe geben, die wir so dringend ben\u00f6tigen. Jeder Rune ist ein Laut, eine Resonanz zugeordnet, die uns mit der Magie um uns herum verbindet.<\/p>\n<p>Wenn du dieses Buch zur Hand nimmst, tauchst du in die Energien der urt\u00fcmlichen nordischen Landschaft ein und lernst mehr \u00fcber die altnordischen Mythen, die mit den Runen in Verbindung stehen. Du erf\u00e4hrst alles zur Bedeutung der 24 Runen des \u00c4lteren Futhark und wie man mit ihnen arbeitet: zum Beispiel, wie man Runen f\u00fcr ein Orakel wirft, Runenzauber wirkt und sein eigenes Runenset gestaltet. So kannst du die uralte Macht und Weisheit der Runen f\u00fcr dich nutzen, um deine Kraft, deine Kreativit\u00e4t und deine Freude zu entfalten.<\/p>\n<\/div>\n<p>&nbsp;<\/p>\n","protected":false},"excerpt":{"rendered":"<p>Nutze die Kraft der Zauberzeichen f\u00fcr deinen Alltag<\/p>\n","protected":false},"featured_media":9005,"comment_status":"open","ping_status":"closed","template":"","meta":{"_links_to":"","_links_to_target":""},"pwb-brand":[885],"product_brand":[],"product_cat":[819],"product_tag":[580,1336,1159,863,1888,869],"class_list":{"0":"post-9004","1":"product","2":"type-product","3":"status-publish","4":"has-post-thumbnail","6":"pwb-brand-knaur-menssana","7":"product_cat-magie-mythologie","8":"product_tag-buch","9":"product_tag-futhark","10":"product_tag-magie","11":"product_tag-orakel","12":"product_tag-richard-lister","13":"product_tag-runen","15":"first","16":"instock","17":"taxable","18":"shipping-taxable","19":"purchasable","20":"product-type-simple"},"blog_post_layout_featured_media_urls":{"thumbnail":["https:\/\/www.lebens-qi.at\/qishop\/wp-content\/uploads\/9783426879429-X-magie-der-runen-150x150.jpg",150,150,true],"full":["https:\/\/www.lebens-qi.at\/qishop\/wp-content\/uploads\/9783426879429-X-magie-der-runen.jpg",648,648,false]},"categories":["885"],"categories_names":{"885":{"name":"Knaur Menssana","link":"https:\/\/www.lebens-qi.at\/qishop\/brand\/knaur-menssana\/"}},"comments_number":"0","brands":[{"id":885,"name":"Knaur Menssana","slug":"knaur-menssana"}],"_links":{"self":[{"href":"https:\/\/www.lebens-qi.at\/qishop\/wp-json\/wp\/v2\/product\/9004","targetHints":{"allow":["GET"]}}],"collection":[{"href":"https:\/\/www.lebens-qi.at\/qishop\/wp-json\/wp\/v2\/product"}],"about":[{"href":"https:\/\/www.lebens-qi.at\/qishop\/wp-json\/wp\/v2\/types\/product"}],"replies":[{"embeddable":true,"href":"https:\/\/www.lebens-qi.at\/qishop\/wp-json\/wp\/v2\/comments?post=9004"}],"wp:featuredmedia":[{"embeddable":true,"href":"https:\/\/www.lebens-qi.at\/qishop\/wp-json\/wp\/v2\/media\/9005"}],"wp:attachment":[{"href":"https:\/\/www.lebens-qi.at\/qishop\/wp-json\/wp\/v2\/media?parent=9004"}],"wp:term":[{"taxonomy":"pwb-brand","embeddable":true,"href":"https:\/\/www.lebens-qi.at\/qishop\/wp-json\/wp\/v2\/pwb-brand?post=9004"},{"taxonomy":"product_brand","embeddable":true,"href":"https:\/\/www.lebens-qi.at\/qishop\/wp-json\/wp\/v2\/product_brand?post=9004"},{"taxonomy":"product_cat","embeddable":true,"href":"https:\/\/www.lebens-qi.at\/qishop\/wp-json\/wp\/v2\/product_cat?post=9004"},{"taxonomy":"product_tag","embeddable":true,"href":"https:\/\/www.lebens-qi.at\/qishop\/wp-json\/wp\/v2\/product_tag?post=9004"}],"curies":[{"name":"wp","href":"https:\/\/api.w.org\/{rel}","templated":true}]}}