{"id":901,"date":"2024-02-13T23:18:55","date_gmt":"2024-02-13T22:18:55","guid":{"rendered":"https:\/\/www.lebens-qi.at\/qishop\/produkt\/siddhi-spray-diamant-963-hz\/"},"modified":"2025-04-09T19:32:31","modified_gmt":"2025-04-09T17:32:31","slug":"siddhi-spray-diamant-963-hz","status":"publish","type":"product","link":"https:\/\/www.lebens-qi.at\/qishop\/produkt\/siddhi-spray-diamant-963-hz\/","title":{"rendered":"Siddhi Spray Diamant 963 Hz"},"content":{"rendered":"<p><b>G\u00f6ttlicher Funke &#8211; Seele &#8211; Realisation &#8211; Erleuchtung &#8211;\u00a0<\/b><strong>Selbst &#8211; Atma &#8211; Essenz &#8211; Innere Wirklichkeit<\/strong><\/p>\n<p>100% nat\u00fcrlicher Spray mit:<br \/>\nWeihrauch India, Sandelholz, Kewra, Hinoki, Monarde &amp;\u00a0<b><span style=\"color: #cc99ff;\">963 Hz Diamant-Nanofrequenzkristallen<\/span> <\/b><\/p>\n<p>Inhalt: 50 ml im Miron Violettglasfl\u00e4schchen mit Pumpzerst\u00e4uber<br \/>\nInhaltsstoffe: Wodka (37,5% Vol.), Wasser, Sandelholz-Hydrolat, nat\u00fcrliche \u00e4therische \u00d6le, Nanofrequenzkristalle<br \/>\n<em>Hergestellt und abgef\u00fcllt im LEBENS-QI G\u00e4nserndorf<\/em><\/p>\n<p><span style=\"color: #cc99ff;\"><b>~~~ <\/b><strong>SIDDHI Sprays ~~~<\/strong><\/span><\/p>\n<p>Namensgeber f\u00fcr diese Spray-Serie ist das Sanksrit-Wort \u201eSiddhi\u201c welches mehrere Bedeutungen hat. \u00dcbersetzt werden kann es als Vollkommenheit, \u00fcbernat\u00fcrliche Kraft oder Vollendung.<\/p>\n<p><b>Was unterschiedet diese Sprays von anderen?<\/b><\/p>\n<p>Einzigartig ist die Kombination von naturreinen \u00c4therischen \u00d6len mit Nanofrequenzkristallen, welche die Wirkung unglaublich verst\u00e4rken. Die Nanofrequenzkristalle wurden direkt dem Spray beigef\u00fcgt. Dadurch, dass die Nanofrequenzskristalle in der Fl\u00fcssigkeit sind, bleiben sie st\u00e4ndig in Ihrer urspr\u00fcnglichen Schwingung. Die Siddhi Aura- und Raum-Sprays werden sehr achtsam nach eigenen Rezepturen gemischt und h\u00e4ndisch abgef\u00fcllt.<\/p>\n<p><b>Warum werden die Sprays in Violettglas-Flaschen abgef\u00fcllt?<\/b><\/p>\n<p>Violettglas (Mironglas) bietet einen absoluten Lichtschutz im sichtbaren Bereich. Im Violett- und Ultraviolettbereich ist es dagegen durchl\u00e4ssig und l\u00e4\u00dft dadurch ein einzigartiges, hoch-energetisches Milieu im Innern entstehen. Die feinstofflichen Energien bleiben lange Zeit auf dem urspr\u00fcnglichen Niveau.<\/p>\n<p><b>Anwendung:<\/b><\/p>\n<p>Verwendung mehrmals t\u00e4glich nach Bedarf. Vor Gebrauch gut sch\u00fctteln und einige Male in den Raum und\/oder die Aura spr\u00fchen.<\/p>\n","protected":false},"excerpt":{"rendered":"<p>G\u00f6ttlicher Funke &#8211; Seele &#8211; Atma<\/p>\n","protected":false},"featured_media":13847,"comment_status":"open","ping_status":"closed","template":"","meta":{"_links_to":"","_links_to_target":""},"pwb-brand":[161],"product_brand":[],"product_cat":[162,207],"product_tag":[177,157,176,1434,2827,2825,178,2826,155,156,2828,158],"class_list":{"0":"post-901","1":"product","2":"type-product","3":"status-publish","4":"has-post-thumbnail","6":"pwb-brand-lebens-qi","7":"product_cat-aurasprays","8":"product_cat-siddhi-sprays","9":"product_tag-atma","10":"product_tag-auraspray","11":"product_tag-diamant","12":"product_tag-erleuchtung","13":"product_tag-essenz","14":"product_tag-realisation","15":"product_tag-seele","16":"product_tag-selbst","17":"product_tag-siddhi","18":"product_tag-spray","19":"product_tag-wirklichkeit","20":"product_tag-yoga","22":"first","23":"instock","24":"taxable","25":"shipping-taxable","26":"purchasable","27":"product-type-simple"},"blog_post_layout_featured_media_urls":{"thumbnail":["https:\/\/www.lebens-qi.at\/qishop\/wp-content\/uploads\/siddhi-diamant-spray-1-150x150.jpg",150,150,true],"full":["https:\/\/www.lebens-qi.at\/qishop\/wp-content\/uploads\/siddhi-diamant-spray-1.jpg",1200,1200,false]},"categories":["161"],"categories_names":{"161":{"name":"LEBENS-QI","link":"https:\/\/www.lebens-qi.at\/qishop\/brand\/lebens-qi\/"}},"comments_number":"0","brands":[{"id":161,"name":"LEBENS-QI","slug":"lebens-qi"}],"_links":{"self":[{"href":"https:\/\/www.lebens-qi.at\/qishop\/wp-json\/wp\/v2\/product\/901","targetHints":{"allow":["GET"]}}],"collection":[{"href":"https:\/\/www.lebens-qi.at\/qishop\/wp-json\/wp\/v2\/product"}],"about":[{"href":"https:\/\/www.lebens-qi.at\/qishop\/wp-json\/wp\/v2\/types\/product"}],"replies":[{"embeddable":true,"href":"https:\/\/www.lebens-qi.at\/qishop\/wp-json\/wp\/v2\/comments?post=901"}],"wp:featuredmedia":[{"embeddable":true,"href":"https:\/\/www.lebens-qi.at\/qishop\/wp-json\/wp\/v2\/media\/13847"}],"wp:attachment":[{"href":"https:\/\/www.lebens-qi.at\/qishop\/wp-json\/wp\/v2\/media?parent=901"}],"wp:term":[{"taxonomy":"pwb-brand","embeddable":true,"href":"https:\/\/www.lebens-qi.at\/qishop\/wp-json\/wp\/v2\/pwb-brand?post=901"},{"taxonomy":"product_brand","embeddable":true,"href":"https:\/\/www.lebens-qi.at\/qishop\/wp-json\/wp\/v2\/product_brand?post=901"},{"taxonomy":"product_cat","embeddable":true,"href":"https:\/\/www.lebens-qi.at\/qishop\/wp-json\/wp\/v2\/product_cat?post=901"},{"taxonomy":"product_tag","embeddable":true,"href":"https:\/\/www.lebens-qi.at\/qishop\/wp-json\/wp\/v2\/product_tag?post=901"}],"curies":[{"name":"wp","href":"https:\/\/api.w.org\/{rel}","templated":true}]}}