{"id":9015,"date":"2024-08-31T14:59:49","date_gmt":"2024-08-31T12:59:49","guid":{"rendered":"https:\/\/www.lebens-qi.at\/qishop\/?post_type=product&#038;p=9015"},"modified":"2024-12-12T16:05:29","modified_gmt":"2024-12-12T15:05:29","slug":"seifenschale-kiefernadeln","status":"publish","type":"product","link":"https:\/\/www.lebens-qi.at\/qishop\/produkt\/seifenschale-kiefernadeln\/","title":{"rendered":"Seifenschale Kiefernadeln"},"content":{"rendered":"<p><b>Keramik Seifenschale &#8222;Kiefernadeln&#8220; &#8211; jede ein Unikat<\/b><\/p>\n<p>Diese Seifenschale wurde von Hand aus Keramik geformt. Charakteristisch ist die leicht unregelm\u00e4\u00dfige Form. Mit eingepr\u00e4gtem Relief &#8211; Abdruck von echten Kiefernadeln und Text\/Spruch.<br \/>\nSteinzeug glasiert mit transparent mit einzelnen bunten Sprenkeln, Nadeln gr\u00fcn, Rand rot.<br \/>\nOhne Loch im Boden.<\/p>\n<p><b>Die perfekte Seifenschale zu unseren <a href=\"https:\/\/www.lebens-qi.at\/qishop\/produkt\/schafmilchseife-zirbe-natur-rund\/\">Zirben-Seifen<\/a>!<\/b><\/p>\n<p><b>Ma\u00dfe: <\/b> Gr\u00f6\u00dfe ca. 10 x 10 cm, H\u00f6he ca. 1,5 cm<br \/>\n<b>Farbe: <\/b>Transparent mit bunten Sprenkeln, Nadeln Gr\u00fcn, Rand Rot<\/p>\n<p>Lieferumfang OHNE Seife oder Deko. Diese bitte separat bestellen! Bitte beachten Sie, dass jedes St\u00fcck handgefertigt ist und die Fotos Symbolfotos darstellen. Abweichungen sind daher gegeben. Gerne senden wir ihnen Fotos von den aktuell bei uns lagernden Seifenschalen zu.<\/p>\n","protected":false},"excerpt":{"rendered":"<p>Bergfeeling im Badezimmer<\/p>\n","protected":false},"featured_media":9016,"comment_status":"open","ping_status":"closed","template":"","meta":{"_links_to":"","_links_to_target":""},"pwb-brand":[323],"product_brand":[],"product_cat":[222],"product_tag":[305,303,352,302],"class_list":{"0":"post-9015","1":"product","2":"type-product","3":"status-publish","4":"has-post-thumbnail","6":"pwb-brand-kreatives-by-petra","7":"product_cat-zubehoer-zur-koerperpflege","8":"product_tag-handgefertigt","9":"product_tag-keramik","10":"product_tag-kiefer","11":"product_tag-seifenschale","13":"first","14":"instock","15":"taxable","16":"shipping-taxable","17":"purchasable","18":"product-type-variable"},"blog_post_layout_featured_media_urls":{"thumbnail":["https:\/\/www.lebens-qi.at\/qishop\/wp-content\/uploads\/kiefernadeln-seifenschale-150x150.jpg",150,150,true],"full":["https:\/\/www.lebens-qi.at\/qishop\/wp-content\/uploads\/kiefernadeln-seifenschale.jpg",1181,1181,false]},"categories":["323"],"categories_names":{"323":{"name":"Kreatives by Petra","link":"https:\/\/www.lebens-qi.at\/qishop\/brand\/kreatives-by-petra\/"}},"comments_number":"0","brands":[{"id":323,"name":"Kreatives by Petra","slug":"kreatives-by-petra"}],"_links":{"self":[{"href":"https:\/\/www.lebens-qi.at\/qishop\/wp-json\/wp\/v2\/product\/9015","targetHints":{"allow":["GET"]}}],"collection":[{"href":"https:\/\/www.lebens-qi.at\/qishop\/wp-json\/wp\/v2\/product"}],"about":[{"href":"https:\/\/www.lebens-qi.at\/qishop\/wp-json\/wp\/v2\/types\/product"}],"replies":[{"embeddable":true,"href":"https:\/\/www.lebens-qi.at\/qishop\/wp-json\/wp\/v2\/comments?post=9015"}],"wp:featuredmedia":[{"embeddable":true,"href":"https:\/\/www.lebens-qi.at\/qishop\/wp-json\/wp\/v2\/media\/9016"}],"wp:attachment":[{"href":"https:\/\/www.lebens-qi.at\/qishop\/wp-json\/wp\/v2\/media?parent=9015"}],"wp:term":[{"taxonomy":"pwb-brand","embeddable":true,"href":"https:\/\/www.lebens-qi.at\/qishop\/wp-json\/wp\/v2\/pwb-brand?post=9015"},{"taxonomy":"product_brand","embeddable":true,"href":"https:\/\/www.lebens-qi.at\/qishop\/wp-json\/wp\/v2\/product_brand?post=9015"},{"taxonomy":"product_cat","embeddable":true,"href":"https:\/\/www.lebens-qi.at\/qishop\/wp-json\/wp\/v2\/product_cat?post=9015"},{"taxonomy":"product_tag","embeddable":true,"href":"https:\/\/www.lebens-qi.at\/qishop\/wp-json\/wp\/v2\/product_tag?post=9015"}],"curies":[{"name":"wp","href":"https:\/\/api.w.org\/{rel}","templated":true}]}}