{"id":9036,"date":"2024-08-31T17:58:06","date_gmt":"2024-08-31T15:58:06","guid":{"rendered":"https:\/\/www.lebens-qi.at\/qishop\/?post_type=product&#038;p=9036"},"modified":"2024-12-13T11:59:37","modified_gmt":"2024-12-13T10:59:37","slug":"edelstahl-kugelkette-25-mm","status":"publish","type":"product","link":"https:\/\/www.lebens-qi.at\/qishop\/produkt\/edelstahl-kugelkette-25-mm\/","title":{"rendered":"Edelstahl Kugelkette 2,5 mm"},"content":{"rendered":"<p><strong>Kugelkette<\/strong> mit Click-Verschluss<br \/>\nL\u00e4nge: ca. 45 oder 55 cm<br \/>\nSt\u00e4rke: 2,5 mm<br \/>\nMaterial: Edelstahl<br \/>\nPassend f\u00fcr Anh\u00e4nger mit \u00d6se oder &#8211; bei entsprechend gro\u00dfer Bohrung &#8211; auch f\u00fcr quergebohrte Tropfenanh\u00e4nger<\/p>\n<p><b>Lieferumfang: <\/b>1 Kette entsprechend Auswahl<\/p>\n<p>&nbsp;<\/p>\n","protected":false},"excerpt":{"rendered":"<p>g\u00fcnstig und robust<\/p>\n","protected":false},"featured_media":9037,"comment_status":"open","ping_status":"closed","template":"","meta":{"_links_to":"","_links_to_target":""},"pwb-brand":[2128],"product_brand":[],"product_cat":[1633],"product_tag":[784,1864,997,1889],"class_list":{"0":"post-9036","1":"product","2":"type-product","3":"status-publish","4":"has-post-thumbnail","6":"pwb-brand-snowfall","7":"product_cat-ketten-baender","8":"product_tag-edelstahl","9":"product_tag-halskette","10":"product_tag-kette","11":"product_tag-kugelkette","13":"first","14":"instock","15":"taxable","16":"shipping-taxable","17":"purchasable","18":"product-type-variable"},"blog_post_layout_featured_media_urls":{"thumbnail":["https:\/\/www.lebens-qi.at\/qishop\/wp-content\/uploads\/D27977-MS1-A-kugelkette-150x150.jpg",150,150,true],"full":["https:\/\/www.lebens-qi.at\/qishop\/wp-content\/uploads\/D27977-MS1-A-kugelkette.jpg",800,800,false]},"categories":["2128"],"categories_names":{"2128":{"name":"Snowfall","link":"https:\/\/www.lebens-qi.at\/qishop\/brand\/snowfall\/"}},"comments_number":"0","brands":[{"id":2128,"name":"Snowfall","slug":"snowfall"}],"_links":{"self":[{"href":"https:\/\/www.lebens-qi.at\/qishop\/wp-json\/wp\/v2\/product\/9036","targetHints":{"allow":["GET"]}}],"collection":[{"href":"https:\/\/www.lebens-qi.at\/qishop\/wp-json\/wp\/v2\/product"}],"about":[{"href":"https:\/\/www.lebens-qi.at\/qishop\/wp-json\/wp\/v2\/types\/product"}],"replies":[{"embeddable":true,"href":"https:\/\/www.lebens-qi.at\/qishop\/wp-json\/wp\/v2\/comments?post=9036"}],"wp:featuredmedia":[{"embeddable":true,"href":"https:\/\/www.lebens-qi.at\/qishop\/wp-json\/wp\/v2\/media\/9037"}],"wp:attachment":[{"href":"https:\/\/www.lebens-qi.at\/qishop\/wp-json\/wp\/v2\/media?parent=9036"}],"wp:term":[{"taxonomy":"pwb-brand","embeddable":true,"href":"https:\/\/www.lebens-qi.at\/qishop\/wp-json\/wp\/v2\/pwb-brand?post=9036"},{"taxonomy":"product_brand","embeddable":true,"href":"https:\/\/www.lebens-qi.at\/qishop\/wp-json\/wp\/v2\/product_brand?post=9036"},{"taxonomy":"product_cat","embeddable":true,"href":"https:\/\/www.lebens-qi.at\/qishop\/wp-json\/wp\/v2\/product_cat?post=9036"},{"taxonomy":"product_tag","embeddable":true,"href":"https:\/\/www.lebens-qi.at\/qishop\/wp-json\/wp\/v2\/product_tag?post=9036"}],"curies":[{"name":"wp","href":"https:\/\/api.w.org\/{rel}","templated":true}]}}