{"id":9056,"date":"2024-09-02T15:12:01","date_gmt":"2024-09-02T13:12:01","guid":{"rendered":"https:\/\/www.lebens-qi.at\/qishop\/?post_type=product&#038;p=9056"},"modified":"2025-02-20T16:48:06","modified_gmt":"2025-02-20T15:48:06","slug":"bio-knoblauchpaste","status":"publish","type":"product","link":"https:\/\/www.lebens-qi.at\/qishop\/produkt\/bio-knoblauchpaste\/","title":{"rendered":"Bio Knoblauchpaste"},"content":{"rendered":"<p>Marchfelder Bio-Knoblauch:<\/p>\n<p><strong>Bio Knoblauchpaste 190g\u00a0<\/strong><\/p>\n<p>mit Salz haltbar gemacht<\/p>\n<p>sehr gut geeignet f\u00fcr alle Speisen, bei denen Knoblauch verwendet wird<\/p>\n<ul>\n<li>Aufstriche, Faschiertes, Eierspeise<\/li>\n<li>Salate, Saucen<\/li>\n<li>Schweinsbraten, Pizza, Gegrilltes<\/li>\n<\/ul>\n<p>Wie frischer Knoblauch zu verwenden, jedoch Salz ber\u00fccksichtigen! Sehr praktisch (kein Sch\u00e4len, kein Pressen) und lange haltbar!<\/p>\n<p><strong>Zutaten:<\/strong> Knoblauch*, Meersalz<br \/>\n*aus kontrolliert biologischer Landwirtschaft<\/p>\n<p><strong>Rezept-TIPP:<\/strong> f\u00fcr ein extra-g\u00b4schmackiges \u00d6l einen Teel\u00f6ffel Knoblauchpaste mit etwas Chiliflocken und Oliven\u00f6l vermengen &#8211; perfekt f\u00fcr Pizza und zu gegrilltem Gem\u00fcse<\/p>\n<p>&nbsp;<\/p>\n","protected":false},"excerpt":{"rendered":"<p>aus Zwerndorf\/Nieder\u00f6sterreich<\/p>\n","protected":false},"featured_media":9059,"comment_status":"open","ping_status":"closed","template":"","meta":{"_links_to":"","_links_to_target":""},"pwb-brand":[2021],"product_brand":[],"product_cat":[1760],"product_tag":[1764,1892,1893,1762,1220],"class_list":{"0":"post-9056","1":"product","2":"type-product","3":"status-publish","4":"has-post-thumbnail","6":"pwb-brand-marchfelder-bioknoblauch","7":"product_cat-marchfelder-genusseck","8":"product_tag-gaenserndorf","9":"product_tag-knoblauch","10":"product_tag-marchfeld","11":"product_tag-naturbelassen","12":"product_tag-oesterreich","13":"pa_herkunft-oesterreich","15":"first","16":"instock","17":"taxable","18":"shipping-taxable","19":"purchasable","20":"product-type-simple"},"blog_post_layout_featured_media_urls":{"thumbnail":["https:\/\/www.lebens-qi.at\/qishop\/wp-content\/uploads\/knoblauchpaste-150x150.jpg",150,150,true],"full":["https:\/\/www.lebens-qi.at\/qishop\/wp-content\/uploads\/knoblauchpaste.jpg",600,600,false]},"categories":["2021"],"categories_names":{"2021":{"name":"Marchfelder Bioknoblauch","link":"https:\/\/www.lebens-qi.at\/qishop\/brand\/marchfelder-bioknoblauch\/"}},"comments_number":"0","brands":[{"id":2021,"name":"Marchfelder Bioknoblauch","slug":"marchfelder-bioknoblauch"}],"_links":{"self":[{"href":"https:\/\/www.lebens-qi.at\/qishop\/wp-json\/wp\/v2\/product\/9056","targetHints":{"allow":["GET"]}}],"collection":[{"href":"https:\/\/www.lebens-qi.at\/qishop\/wp-json\/wp\/v2\/product"}],"about":[{"href":"https:\/\/www.lebens-qi.at\/qishop\/wp-json\/wp\/v2\/types\/product"}],"replies":[{"embeddable":true,"href":"https:\/\/www.lebens-qi.at\/qishop\/wp-json\/wp\/v2\/comments?post=9056"}],"wp:featuredmedia":[{"embeddable":true,"href":"https:\/\/www.lebens-qi.at\/qishop\/wp-json\/wp\/v2\/media\/9059"}],"wp:attachment":[{"href":"https:\/\/www.lebens-qi.at\/qishop\/wp-json\/wp\/v2\/media?parent=9056"}],"wp:term":[{"taxonomy":"pwb-brand","embeddable":true,"href":"https:\/\/www.lebens-qi.at\/qishop\/wp-json\/wp\/v2\/pwb-brand?post=9056"},{"taxonomy":"product_brand","embeddable":true,"href":"https:\/\/www.lebens-qi.at\/qishop\/wp-json\/wp\/v2\/product_brand?post=9056"},{"taxonomy":"product_cat","embeddable":true,"href":"https:\/\/www.lebens-qi.at\/qishop\/wp-json\/wp\/v2\/product_cat?post=9056"},{"taxonomy":"product_tag","embeddable":true,"href":"https:\/\/www.lebens-qi.at\/qishop\/wp-json\/wp\/v2\/product_tag?post=9056"}],"curies":[{"name":"wp","href":"https:\/\/api.w.org\/{rel}","templated":true}]}}