{"id":9146,"date":"2024-09-06T15:25:42","date_gmt":"2024-09-06T13:25:42","guid":{"rendered":"https:\/\/www.lebens-qi.at\/qishop\/?post_type=product&#038;p=9146"},"modified":"2026-02-26T14:16:55","modified_gmt":"2026-02-26T13:16:55","slug":"bergkristall-gebohrter-kristallanhaenger","status":"publish","type":"product","link":"https:\/\/www.lebens-qi.at\/qishop\/produkt\/bergkristall-gebohrter-kristallanhaenger\/","title":{"rendered":"Bergkristall gebohrter Kristallanh\u00e4nger"},"content":{"rendered":"<p><b>Bergkristall Edelsteinanh\u00e4nger <\/b><br \/>\nnat\u00fcrliche Kristallspitze, quer gebohrt<\/p>\n<p>Farbe: klar<br \/>\nChakrazuordnung:Kronenchakra<br \/>\nThemen: Klarheit<br \/>\nGr\u00f6\u00dfe: ca. 3-5 cm lang und 8-15 mm stark<\/p>\n<p><em>Hinweis: Symbolfoto \u2013 Abweichungen in Gr\u00f6\u00dfe, Farbe und Form sind bei nat\u00fcrlichen Steinen normal.<br \/>\nLieferumfang: 1 Anh\u00e4nger ohne Band\/Kette<\/em><\/p>\n","protected":false},"excerpt":{"rendered":"<p>gebohrte Kristallspitze<\/p>\n","protected":false},"featured_media":9147,"comment_status":"open","ping_status":"closed","template":"","meta":{"_links_to":"","_links_to_target":""},"pwb-brand":[114],"product_brand":[],"product_cat":[1739,1740],"product_tag":[117,167,120,1583],"class_list":{"0":"post-9146","1":"product","2":"type-product","3":"status-publish","4":"has-post-thumbnail","6":"pwb-brand-lebens-qi-kraft-der-steine","7":"product_cat-andere-steinanhaenger","8":"product_cat-andere-steinanhaenger-steinschmuck-schmuck-mit-wirkung","9":"product_tag-anhaenger","10":"product_tag-bergkristall","11":"product_tag-kristall","12":"product_tag-quarz","14":"first","15":"instock","16":"taxable","17":"shipping-taxable","18":"purchasable","19":"product-type-simple"},"blog_post_layout_featured_media_urls":{"thumbnail":["https:\/\/www.lebens-qi.at\/qishop\/wp-content\/uploads\/bergkristallspitze-gebohrt-150x150.jpg",150,150,true],"full":["https:\/\/www.lebens-qi.at\/qishop\/wp-content\/uploads\/bergkristallspitze-gebohrt.jpg",1912,1916,false]},"categories":["114"],"categories_names":{"114":{"name":"Lebens-Qi Kraft der Steine","link":"https:\/\/www.lebens-qi.at\/qishop\/brand\/lebens-qi-kraft-der-steine\/"}},"comments_number":"0","brands":[{"id":114,"name":"Lebens-Qi Kraft der Steine","slug":"lebens-qi-kraft-der-steine"}],"_links":{"self":[{"href":"https:\/\/www.lebens-qi.at\/qishop\/wp-json\/wp\/v2\/product\/9146","targetHints":{"allow":["GET"]}}],"collection":[{"href":"https:\/\/www.lebens-qi.at\/qishop\/wp-json\/wp\/v2\/product"}],"about":[{"href":"https:\/\/www.lebens-qi.at\/qishop\/wp-json\/wp\/v2\/types\/product"}],"replies":[{"embeddable":true,"href":"https:\/\/www.lebens-qi.at\/qishop\/wp-json\/wp\/v2\/comments?post=9146"}],"wp:featuredmedia":[{"embeddable":true,"href":"https:\/\/www.lebens-qi.at\/qishop\/wp-json\/wp\/v2\/media\/9147"}],"wp:attachment":[{"href":"https:\/\/www.lebens-qi.at\/qishop\/wp-json\/wp\/v2\/media?parent=9146"}],"wp:term":[{"taxonomy":"pwb-brand","embeddable":true,"href":"https:\/\/www.lebens-qi.at\/qishop\/wp-json\/wp\/v2\/pwb-brand?post=9146"},{"taxonomy":"product_brand","embeddable":true,"href":"https:\/\/www.lebens-qi.at\/qishop\/wp-json\/wp\/v2\/product_brand?post=9146"},{"taxonomy":"product_cat","embeddable":true,"href":"https:\/\/www.lebens-qi.at\/qishop\/wp-json\/wp\/v2\/product_cat?post=9146"},{"taxonomy":"product_tag","embeddable":true,"href":"https:\/\/www.lebens-qi.at\/qishop\/wp-json\/wp\/v2\/product_tag?post=9146"}],"curies":[{"name":"wp","href":"https:\/\/api.w.org\/{rel}","templated":true}]}}