{"id":9157,"date":"2024-09-09T15:46:24","date_gmt":"2024-09-09T13:46:24","guid":{"rendered":"https:\/\/www.lebens-qi.at\/qishop\/?post_type=product&#038;p=9157"},"modified":"2024-12-13T12:47:05","modified_gmt":"2024-12-13T11:47:05","slug":"schutzengel-schutzkaertchen","status":"publish","type":"product","link":"https:\/\/www.lebens-qi.at\/qishop\/produkt\/schutzengel-schutzkaertchen\/","title":{"rendered":"Schutzengel Schutzk\u00e4rtchen"},"content":{"rendered":"<p><b>Schutzengel<\/b><br \/>\nlaminiertes Schutzk\u00e4rtchen im Visitenkarten-Format<\/p>\n<p>Mit Beschreibung auf der R\u00fcckseite:<\/p>\n<p><em><b>Schutz, Geborgenheit, Begleitung, Vertrauen, Inneres Kind<br \/>\n<\/b><\/em><\/p>\n<p>Die Schutzk\u00e4rtchen der K\u00fcnstlerin Judit Hildebrandt finden vielf\u00e4ltige Anwendung:<br \/>\nals kleines Geschenk, Gl\u00fccksbringer in der Geldb\u00f6rse, Schutzk\u00e4rtchen beim F\u00fchrerschein\/Zulassungsschein im Auto, als Hoffnungsbringer am Nachttisch, zur Arbeit mit Engelenergien, &#8230;.<\/p>\n<p>Gr\u00f6\u00dfe: ca. 55 x 88 mm mit abgerundeten Kanten<br \/>\nLieferumfang: 1 St\u00fcck<\/p>\n","protected":false},"excerpt":{"rendered":"<p>Schutz, Geborgenheit, Begleitung, Vertrauen, Inneres Kind<\/p>\n","protected":false},"featured_media":9158,"comment_status":"open","ping_status":"closed","template":"","meta":{"_links_to":"","_links_to_target":""},"pwb-brand":[617],"product_brand":[],"product_cat":[1657,1658],"product_tag":[545,1661,1707,1906,1660,121,544,1659],"class_list":{"0":"post-9157","1":"product","2":"type-product","3":"status-publish","4":"has-post-thumbnail","6":"pwb-brand-yantra","7":"product_cat-engelkaertchen","8":"product_cat-schutzkaertchen","9":"product_tag-engel","10":"product_tag-engelkaertchen","11":"product_tag-geborgenheit","12":"product_tag-inneres-kind","13":"product_tag-judit-hildebrandt","14":"product_tag-schutz","15":"product_tag-schutzengel","16":"product_tag-schutzkaertchen","18":"first","19":"instock","20":"taxable","21":"shipping-taxable","22":"purchasable","23":"product-type-simple"},"blog_post_layout_featured_media_urls":{"thumbnail":["https:\/\/www.lebens-qi.at\/qishop\/wp-content\/uploads\/es-31-schutzengel-150x150.jpg",150,150,true],"full":["https:\/\/www.lebens-qi.at\/qishop\/wp-content\/uploads\/es-31-schutzengel.jpg",600,600,false]},"categories":["617"],"categories_names":{"617":{"name":"Yantra","link":"https:\/\/www.lebens-qi.at\/qishop\/brand\/yantra\/"}},"comments_number":"0","brands":[{"id":617,"name":"Yantra","slug":"yantra"}],"_links":{"self":[{"href":"https:\/\/www.lebens-qi.at\/qishop\/wp-json\/wp\/v2\/product\/9157","targetHints":{"allow":["GET"]}}],"collection":[{"href":"https:\/\/www.lebens-qi.at\/qishop\/wp-json\/wp\/v2\/product"}],"about":[{"href":"https:\/\/www.lebens-qi.at\/qishop\/wp-json\/wp\/v2\/types\/product"}],"replies":[{"embeddable":true,"href":"https:\/\/www.lebens-qi.at\/qishop\/wp-json\/wp\/v2\/comments?post=9157"}],"wp:featuredmedia":[{"embeddable":true,"href":"https:\/\/www.lebens-qi.at\/qishop\/wp-json\/wp\/v2\/media\/9158"}],"wp:attachment":[{"href":"https:\/\/www.lebens-qi.at\/qishop\/wp-json\/wp\/v2\/media?parent=9157"}],"wp:term":[{"taxonomy":"pwb-brand","embeddable":true,"href":"https:\/\/www.lebens-qi.at\/qishop\/wp-json\/wp\/v2\/pwb-brand?post=9157"},{"taxonomy":"product_brand","embeddable":true,"href":"https:\/\/www.lebens-qi.at\/qishop\/wp-json\/wp\/v2\/product_brand?post=9157"},{"taxonomy":"product_cat","embeddable":true,"href":"https:\/\/www.lebens-qi.at\/qishop\/wp-json\/wp\/v2\/product_cat?post=9157"},{"taxonomy":"product_tag","embeddable":true,"href":"https:\/\/www.lebens-qi.at\/qishop\/wp-json\/wp\/v2\/product_tag?post=9157"}],"curies":[{"name":"wp","href":"https:\/\/api.w.org\/{rel}","templated":true}]}}