{"id":9162,"date":"2024-09-10T11:45:13","date_gmt":"2024-09-10T09:45:13","guid":{"rendered":"https:\/\/www.lebens-qi.at\/qishop\/?post_type=product&#038;p=9162"},"modified":"2025-09-19T14:02:05","modified_gmt":"2025-09-19T12:02:05","slug":"liebesengel-schutzkaertchen","status":"publish","type":"product","link":"https:\/\/www.lebens-qi.at\/qishop\/produkt\/liebesengel-schutzkaertchen\/","title":{"rendered":"Liebesengel Schutzk\u00e4rtchen"},"content":{"rendered":"<p><b>Liebesengel<\/b><br \/>\nlaminiertes Schutzk\u00e4rtchen im Visitenkarten-Format<\/p>\n<p>Mit Beschreibung auf der R\u00fcckseite:<\/p>\n<p><em><b>Rosa Strahl der Liebesenergie wirkt auf allen Ebenen. Partnerschaft, Freundschaft, Freude<br \/>\n<\/b><\/em><\/p>\n<p>Die Schutzk\u00e4rtchen der K\u00fcnstlerin Judit Hildebrandt finden vielf\u00e4ltige Anwendung:<br \/>\nals kleines Geschenk, Gl\u00fccksbringer in der Geldb\u00f6rse, Schutzk\u00e4rtchen beim F\u00fchrerschein\/Zulassungsschein im Auto, als Hoffnungsbringer am Nachttisch, zur Arbeit mit Engelenergien, &#8230;.<\/p>\n<p>Gr\u00f6\u00dfe: ca. 55 x 88 mm mit abgerundeten Kanten<br \/>\nLieferumfang: 1 St\u00fcck<\/p>\n","protected":false},"excerpt":{"rendered":"<p>Rosa Strahl der Liebesenergie wirkt auf allen Ebenen. Partnerschaft, Freundschaft, Freude<\/p>\n","protected":false},"featured_media":9163,"comment_status":"open","ping_status":"closed","template":"","meta":{"_links_to":"","_links_to_target":""},"pwb-brand":[617],"product_brand":[],"product_cat":[1657,3020,1658],"product_tag":[545,1661,1660,174,1907,1659],"class_list":{"0":"post-9162","1":"product","2":"type-product","3":"status-publish","4":"has-post-thumbnail","6":"pwb-brand-yantra","7":"product_cat-engelkaertchen","8":"product_cat-hochzeit","9":"product_cat-schutzkaertchen","10":"product_tag-engel","11":"product_tag-engelkaertchen","12":"product_tag-judit-hildebrandt","13":"product_tag-liebe","14":"product_tag-liebesengel","15":"product_tag-schutzkaertchen","17":"first","18":"instock","19":"taxable","20":"shipping-taxable","21":"purchasable","22":"product-type-simple"},"blog_post_layout_featured_media_urls":{"thumbnail":["https:\/\/www.lebens-qi.at\/qishop\/wp-content\/uploads\/es-11-liebesengel-150x150.jpg",150,150,true],"full":["https:\/\/www.lebens-qi.at\/qishop\/wp-content\/uploads\/es-11-liebesengel.jpg",600,600,false]},"categories":["617"],"categories_names":{"617":{"name":"Yantra","link":"https:\/\/www.lebens-qi.at\/qishop\/brand\/yantra\/"}},"comments_number":"0","brands":[{"id":617,"name":"Yantra","slug":"yantra"}],"_links":{"self":[{"href":"https:\/\/www.lebens-qi.at\/qishop\/wp-json\/wp\/v2\/product\/9162","targetHints":{"allow":["GET"]}}],"collection":[{"href":"https:\/\/www.lebens-qi.at\/qishop\/wp-json\/wp\/v2\/product"}],"about":[{"href":"https:\/\/www.lebens-qi.at\/qishop\/wp-json\/wp\/v2\/types\/product"}],"replies":[{"embeddable":true,"href":"https:\/\/www.lebens-qi.at\/qishop\/wp-json\/wp\/v2\/comments?post=9162"}],"wp:featuredmedia":[{"embeddable":true,"href":"https:\/\/www.lebens-qi.at\/qishop\/wp-json\/wp\/v2\/media\/9163"}],"wp:attachment":[{"href":"https:\/\/www.lebens-qi.at\/qishop\/wp-json\/wp\/v2\/media?parent=9162"}],"wp:term":[{"taxonomy":"pwb-brand","embeddable":true,"href":"https:\/\/www.lebens-qi.at\/qishop\/wp-json\/wp\/v2\/pwb-brand?post=9162"},{"taxonomy":"product_brand","embeddable":true,"href":"https:\/\/www.lebens-qi.at\/qishop\/wp-json\/wp\/v2\/product_brand?post=9162"},{"taxonomy":"product_cat","embeddable":true,"href":"https:\/\/www.lebens-qi.at\/qishop\/wp-json\/wp\/v2\/product_cat?post=9162"},{"taxonomy":"product_tag","embeddable":true,"href":"https:\/\/www.lebens-qi.at\/qishop\/wp-json\/wp\/v2\/product_tag?post=9162"}],"curies":[{"name":"wp","href":"https:\/\/api.w.org\/{rel}","templated":true}]}}