{"id":9186,"date":"2024-09-10T18:09:46","date_gmt":"2024-09-10T16:09:46","guid":{"rendered":"https:\/\/www.lebens-qi.at\/qishop\/?post_type=product&#038;p=9186"},"modified":"2024-12-13T12:47:02","modified_gmt":"2024-12-13T11:47:02","slug":"tuerkiser-xl-traumfaenger-mit-kokos","status":"publish","type":"product","link":"https:\/\/www.lebens-qi.at\/qishop\/produkt\/tuerkiser-xl-traumfaenger-mit-kokos\/","title":{"rendered":"T\u00fcrkiser XL Traumf\u00e4nger mit Kokos"},"content":{"rendered":"<p><b>T\u00fcrkiser Traumf\u00e4nger im XL-Format mit gravierten Kokosnusspl\u00e4ttchen<\/b><br \/>\nDekoriert mit Federn, (Holz-)Perlen und Kramik<\/p>\n<p>Gesamtll\u00e4nge ca. 90 cm<br \/>\nDurchmesser des gr\u00f6\u00dften Netzes ca. 32 cm<\/p>\n<p><b>Traumf\u00e4nger<\/b><br \/>\nDie Geschichte der Dreamcatcher (Traumf\u00e4nger) stammt aus der indianischen Mythologie. Sie besagt, dass schlechte Tr\u00e4ume sich im Dreamcatcher verfangen, w\u00e4hrend gute Tr\u00e4ume zum Schlafenden gelangen k\u00f6nnen. Ein inspirierender Raumschmuck.<\/p>\n","protected":false},"excerpt":{"rendered":"<p>mit 5 Netzen<\/p>\n","protected":false},"featured_media":9187,"comment_status":"open","ping_status":"closed","template":"","meta":{"_links_to":"","_links_to_target":""},"pwb-brand":[617],"product_brand":[],"product_cat":[1215],"product_tag":[303,229,994],"class_list":{"0":"post-9186","1":"product","2":"type-product","3":"status-publish","4":"has-post-thumbnail","6":"pwb-brand-yantra","7":"product_cat-traumfaenger","8":"product_tag-keramik","9":"product_tag-kokos","10":"product_tag-traumfaenger","12":"first","13":"instock","14":"taxable","15":"shipping-taxable","16":"purchasable","17":"product-type-simple"},"blog_post_layout_featured_media_urls":{"thumbnail":["https:\/\/www.lebens-qi.at\/qishop\/wp-content\/uploads\/is-68-traumfaenger-tuerkis-150x150.jpg",150,150,true],"full":["https:\/\/www.lebens-qi.at\/qishop\/wp-content\/uploads\/is-68-traumfaenger-tuerkis.jpg",600,600,false]},"categories":["617"],"categories_names":{"617":{"name":"Yantra","link":"https:\/\/www.lebens-qi.at\/qishop\/brand\/yantra\/"}},"comments_number":"0","brands":[{"id":617,"name":"Yantra","slug":"yantra"}],"_links":{"self":[{"href":"https:\/\/www.lebens-qi.at\/qishop\/wp-json\/wp\/v2\/product\/9186","targetHints":{"allow":["GET"]}}],"collection":[{"href":"https:\/\/www.lebens-qi.at\/qishop\/wp-json\/wp\/v2\/product"}],"about":[{"href":"https:\/\/www.lebens-qi.at\/qishop\/wp-json\/wp\/v2\/types\/product"}],"replies":[{"embeddable":true,"href":"https:\/\/www.lebens-qi.at\/qishop\/wp-json\/wp\/v2\/comments?post=9186"}],"wp:featuredmedia":[{"embeddable":true,"href":"https:\/\/www.lebens-qi.at\/qishop\/wp-json\/wp\/v2\/media\/9187"}],"wp:attachment":[{"href":"https:\/\/www.lebens-qi.at\/qishop\/wp-json\/wp\/v2\/media?parent=9186"}],"wp:term":[{"taxonomy":"pwb-brand","embeddable":true,"href":"https:\/\/www.lebens-qi.at\/qishop\/wp-json\/wp\/v2\/pwb-brand?post=9186"},{"taxonomy":"product_brand","embeddable":true,"href":"https:\/\/www.lebens-qi.at\/qishop\/wp-json\/wp\/v2\/product_brand?post=9186"},{"taxonomy":"product_cat","embeddable":true,"href":"https:\/\/www.lebens-qi.at\/qishop\/wp-json\/wp\/v2\/product_cat?post=9186"},{"taxonomy":"product_tag","embeddable":true,"href":"https:\/\/www.lebens-qi.at\/qishop\/wp-json\/wp\/v2\/product_tag?post=9186"}],"curies":[{"name":"wp","href":"https:\/\/api.w.org\/{rel}","templated":true}]}}