{"id":9190,"date":"2024-09-11T09:15:52","date_gmt":"2024-09-11T07:15:52","guid":{"rendered":"https:\/\/www.lebens-qi.at\/qishop\/?post_type=product&#038;p=9190"},"modified":"2024-12-13T12:47:01","modified_gmt":"2024-12-13T11:47:01","slug":"herz-sterne-traumfaenger","status":"publish","type":"product","link":"https:\/\/www.lebens-qi.at\/qishop\/produkt\/herz-sterne-traumfaenger\/","title":{"rendered":"Herz &#038; Sterne Traumf\u00e4nger"},"content":{"rendered":"<p><b>Pinker Traumf\u00e4nger<br \/>\n<\/b><br \/>\nDekoriert mit Federn und gelben Capizmuschel-Sternen und einem Herz<\/p>\n<p>L\u00e4nge ca. 45-50 cm<br \/>\nDurchmesser vom Netz ca. 12 cm<\/p>\n<p><b>Traumf\u00e4nger<\/b><br \/>\nDie Geschichte der Dreamcatcher (Traumf\u00e4nger) stammt aus der indianischen Mythologie. Sie besagt, dass schlechte Tr\u00e4ume sich im Dreamcatcher verfangen, w\u00e4hrend gute Tr\u00e4ume zum Schlafenden gelangen k\u00f6nnen. Ein inspirierender Raumschmuck.<\/p>\n","protected":false},"excerpt":{"rendered":"<p>Textil pink-gelb mit Muscheln<\/p>\n","protected":false},"featured_media":9191,"comment_status":"open","ping_status":"closed","template":"","meta":{"_links_to":"","_links_to_target":""},"pwb-brand":[617],"product_brand":[],"product_cat":[1215],"product_tag":[1656,1478,1218,1219,1227,994],"class_list":{"0":"post-9190","1":"product","2":"type-product","3":"status-publish","4":"has-post-thumbnail","6":"pwb-brand-yantra","7":"product_cat-traumfaenger","8":"product_tag-capiz","9":"product_tag-herz","10":"product_tag-muscheln","11":"product_tag-perlmutt","12":"product_tag-sterne","13":"product_tag-traumfaenger","15":"first","16":"instock","17":"taxable","18":"shipping-taxable","19":"purchasable","20":"product-type-simple"},"blog_post_layout_featured_media_urls":{"thumbnail":["https:\/\/www.lebens-qi.at\/qishop\/wp-content\/uploads\/is-56-traumfaenger-herz-sterne-150x150.jpg",150,150,true],"full":["https:\/\/www.lebens-qi.at\/qishop\/wp-content\/uploads\/is-56-traumfaenger-herz-sterne.jpg",600,600,false]},"categories":["617"],"categories_names":{"617":{"name":"Yantra","link":"https:\/\/www.lebens-qi.at\/qishop\/brand\/yantra\/"}},"comments_number":"0","brands":[{"id":617,"name":"Yantra","slug":"yantra"}],"_links":{"self":[{"href":"https:\/\/www.lebens-qi.at\/qishop\/wp-json\/wp\/v2\/product\/9190","targetHints":{"allow":["GET"]}}],"collection":[{"href":"https:\/\/www.lebens-qi.at\/qishop\/wp-json\/wp\/v2\/product"}],"about":[{"href":"https:\/\/www.lebens-qi.at\/qishop\/wp-json\/wp\/v2\/types\/product"}],"replies":[{"embeddable":true,"href":"https:\/\/www.lebens-qi.at\/qishop\/wp-json\/wp\/v2\/comments?post=9190"}],"wp:featuredmedia":[{"embeddable":true,"href":"https:\/\/www.lebens-qi.at\/qishop\/wp-json\/wp\/v2\/media\/9191"}],"wp:attachment":[{"href":"https:\/\/www.lebens-qi.at\/qishop\/wp-json\/wp\/v2\/media?parent=9190"}],"wp:term":[{"taxonomy":"pwb-brand","embeddable":true,"href":"https:\/\/www.lebens-qi.at\/qishop\/wp-json\/wp\/v2\/pwb-brand?post=9190"},{"taxonomy":"product_brand","embeddable":true,"href":"https:\/\/www.lebens-qi.at\/qishop\/wp-json\/wp\/v2\/product_brand?post=9190"},{"taxonomy":"product_cat","embeddable":true,"href":"https:\/\/www.lebens-qi.at\/qishop\/wp-json\/wp\/v2\/product_cat?post=9190"},{"taxonomy":"product_tag","embeddable":true,"href":"https:\/\/www.lebens-qi.at\/qishop\/wp-json\/wp\/v2\/product_tag?post=9190"}],"curies":[{"name":"wp","href":"https:\/\/api.w.org\/{rel}","templated":true}]}}