{"id":9263,"date":"2024-09-23T13:38:58","date_gmt":"2024-09-23T11:38:58","guid":{"rendered":"https:\/\/www.lebens-qi.at\/qishop\/?post_type=product&#038;p=9263"},"modified":"2024-12-11T11:19:36","modified_gmt":"2024-12-11T10:19:36","slug":"engelsfluegel-anhaenger","status":"publish","type":"product","link":"https:\/\/www.lebens-qi.at\/qishop\/produkt\/engelsfluegel-anhaenger\/","title":{"rendered":"Engelsfl\u00fcgel Anh\u00e4nger"},"content":{"rendered":"<div class=\"content--description\">\n<div class=\"product--description\">\n<p><strong>Engelsfl\u00fcgel Anh\u00e4nger aus echtem Silber mit Edelsteinchen in Chakra-Farben<\/strong><br \/>\nHimmlischer Engelsfl\u00fcgel mit sieben leuchtenden, facettierten Edelsteinen.<br \/>\nWundersch\u00f6n gearbeiteter Chakraschmuck. Die sieben Chakras sind Energiezentren in unserem K\u00f6rper, die uns mit unseren feinstofflichen K\u00f6rpern verbinden und in denen sich Energie verdichtet. Jedes Chakra hat einen ihm eigenen Entsprechungsbereich, der sich gleicherma\u00dfen auf unsere k\u00f6rperliche Verfassung und unser geistig-seelisches Befinden erstreckt.<br \/>\nDas Schmuckst\u00fcck ist handgefertigt in 925 Silber und best\u00fcckt mit echten Steinen:<br \/>\nGranat, Karneol, Citrin, Peridot, Blauer Topaz, Iolith und Amethyst.<b><\/b><\/p>\n<p>Anh\u00e4nger Engelsfl\u00fcgel<br \/>\npassend f\u00fcr Halsketten oder Textilb\u00e4nder<br \/>\n<b>Material:<\/b> 925er Silber, Steine<br \/>\n<b>Farbe: <\/b>Silber\/Bunt<br \/>\n<b>Gr\u00f6\u00dfe:<\/b> ca. 4 cm hoch<br \/>\nmit Anh\u00e4nger\u00f6se, Steine gefasst<\/p>\n<p><em><strong>Hinweis:<\/strong> Lieferumfang ohne Kette oder Band &#8211; <a href=\"https:\/\/www.lebens-qi.at\/qishop\/produkt-kategorie\/mehr\/schmuck-mit-wirkung\/ketten-baender\/\">bitte separat bestellen<\/a>!<\/em><\/p>\n<\/div>\n<\/div>\n","protected":false},"excerpt":{"rendered":"<p>mit Steinen in Chakra-Farben<\/p>\n","protected":false},"featured_media":9264,"comment_status":"open","ping_status":"closed","template":"","meta":{"_links_to":"","_links_to_target":""},"pwb-brand":[307],"product_brand":[],"product_cat":[1902,1011],"product_tag":[117,446,545,1953,118,121,544,1241],"class_list":{"0":"post-9263","1":"product","2":"type-product","3":"status-publish","4":"has-post-thumbnail","6":"pwb-brand-berk","7":"product_cat-engelschmuck","8":"product_cat-symbolschmuck","9":"product_tag-anhaenger","10":"product_tag-chakren","11":"product_tag-engel","12":"product_tag-engelsfluegel","13":"product_tag-schmuck","14":"product_tag-schutz","15":"product_tag-schutzengel","16":"product_tag-silber","18":"first","19":"instock","20":"taxable","21":"shipping-taxable","22":"purchasable","23":"product-type-simple"},"blog_post_layout_featured_media_urls":{"thumbnail":["https:\/\/www.lebens-qi.at\/qishop\/wp-content\/uploads\/P-577_1-engelsfluegel-150x150.jpg",150,150,true],"full":["https:\/\/www.lebens-qi.at\/qishop\/wp-content\/uploads\/P-577_1-engelsfluegel.jpg",600,600,false]},"categories":["307"],"categories_names":{"307":{"name":"Berk","link":"https:\/\/www.lebens-qi.at\/qishop\/brand\/berk\/"}},"comments_number":"0","brands":[{"id":307,"name":"Berk","slug":"berk"}],"_links":{"self":[{"href":"https:\/\/www.lebens-qi.at\/qishop\/wp-json\/wp\/v2\/product\/9263","targetHints":{"allow":["GET"]}}],"collection":[{"href":"https:\/\/www.lebens-qi.at\/qishop\/wp-json\/wp\/v2\/product"}],"about":[{"href":"https:\/\/www.lebens-qi.at\/qishop\/wp-json\/wp\/v2\/types\/product"}],"replies":[{"embeddable":true,"href":"https:\/\/www.lebens-qi.at\/qishop\/wp-json\/wp\/v2\/comments?post=9263"}],"wp:featuredmedia":[{"embeddable":true,"href":"https:\/\/www.lebens-qi.at\/qishop\/wp-json\/wp\/v2\/media\/9264"}],"wp:attachment":[{"href":"https:\/\/www.lebens-qi.at\/qishop\/wp-json\/wp\/v2\/media?parent=9263"}],"wp:term":[{"taxonomy":"pwb-brand","embeddable":true,"href":"https:\/\/www.lebens-qi.at\/qishop\/wp-json\/wp\/v2\/pwb-brand?post=9263"},{"taxonomy":"product_brand","embeddable":true,"href":"https:\/\/www.lebens-qi.at\/qishop\/wp-json\/wp\/v2\/product_brand?post=9263"},{"taxonomy":"product_cat","embeddable":true,"href":"https:\/\/www.lebens-qi.at\/qishop\/wp-json\/wp\/v2\/product_cat?post=9263"},{"taxonomy":"product_tag","embeddable":true,"href":"https:\/\/www.lebens-qi.at\/qishop\/wp-json\/wp\/v2\/product_tag?post=9263"}],"curies":[{"name":"wp","href":"https:\/\/api.w.org\/{rel}","templated":true}]}}