{"id":9276,"date":"2024-09-23T15:32:27","date_gmt":"2024-09-23T13:32:27","guid":{"rendered":"https:\/\/www.lebens-qi.at\/qishop\/?post_type=product&#038;p=9276"},"modified":"2024-12-11T11:19:33","modified_gmt":"2024-12-11T10:19:33","slug":"lebensbaum-anhaenger-mit-peridot","status":"publish","type":"product","link":"https:\/\/www.lebens-qi.at\/qishop\/produkt\/lebensbaum-anhaenger-mit-peridot\/","title":{"rendered":"Lebensbaum Anh\u00e4nger mit Peridot"},"content":{"rendered":"<div class=\"content--description\">\n<div class=\"product--description\">\n<p><strong>Kleiner Lebensbaum Anh\u00e4nger aus echtem Silber mit Peridot<\/strong><br \/>\nYggdrasil, der Weltenbaum, ist in der nordischen Mythologie ein Heiligtum, ein Mittler zwischen den verschiedenen Sph\u00e4ren der Existenz. Die Wurzeln stehen f\u00fcr die Unterwelt, der Stamm f\u00fcr unser Erdenreich und die \u00c4ste f\u00fcr die himmlischen Sph\u00e4ren. Er ist an keinen geographischen Ort gebunden, vielmehr wird gesagt, dass sich diese Energien f\u00fcr all jene \u00f6ffnen, die tiefen Herzens ihren Ursprung suchen. In ihm bitten Weise um Gesundheit, Erkenntnis, Kraft und Schutz.<\/p>\n<p>Anh\u00e4nger Lebensbaum &#8211; Yggdrasil<br \/>\npassend f\u00fcr Halsketten oder Textilb\u00e4nder<br \/>\n<b>Material:<\/b> 925er Silber, Peridot<br \/>\n<b>Farbe: <\/b>Silber\/Hellgr\u00fcn<br \/>\n<b>Gr\u00f6\u00dfe:<\/b> ca. 20 mm<br \/>\nmit Anh\u00e4nger\u00f6se, Peridot gefasst<\/p>\n<p><em><strong>Hinweis:<\/strong> Lieferumfang ohne Kette oder Band &#8211; <a href=\"https:\/\/www.lebens-qi.at\/qishop\/produkt-kategorie\/mehr\/schmuck-mit-wirkung\/ketten-baender\/\">bitte separat bestellen<\/a>!<\/em><\/p>\n<\/div>\n<\/div>\n","protected":false},"excerpt":{"rendered":"<p>echt Silber &#8211; Yggdrasil der Weltenbaum<\/p>\n","protected":false},"featured_media":9277,"comment_status":"open","ping_status":"closed","template":"","meta":{"_links_to":"","_links_to_target":""},"pwb-brand":[307],"product_brand":[],"product_cat":[1011],"product_tag":[117,312,1577,118,1241,1954],"class_list":{"0":"post-9276","1":"product","2":"type-product","3":"status-publish","4":"has-post-thumbnail","6":"pwb-brand-berk","7":"product_cat-symbolschmuck","8":"product_tag-anhaenger","9":"product_tag-lebensbaum","10":"product_tag-peridot","11":"product_tag-schmuck","12":"product_tag-silber","13":"product_tag-yggdrasil","15":"first","16":"instock","17":"taxable","18":"shipping-taxable","19":"purchasable","20":"product-type-simple"},"blog_post_layout_featured_media_urls":{"thumbnail":["https:\/\/www.lebens-qi.at\/qishop\/wp-content\/uploads\/P-420_1-lebensbaum-anhaenger-150x150.jpg",150,150,true],"full":["https:\/\/www.lebens-qi.at\/qishop\/wp-content\/uploads\/P-420_1-lebensbaum-anhaenger.jpg",600,600,false]},"categories":["307"],"categories_names":{"307":{"name":"Berk","link":"https:\/\/www.lebens-qi.at\/qishop\/brand\/berk\/"}},"comments_number":"0","brands":[{"id":307,"name":"Berk","slug":"berk"}],"_links":{"self":[{"href":"https:\/\/www.lebens-qi.at\/qishop\/wp-json\/wp\/v2\/product\/9276","targetHints":{"allow":["GET"]}}],"collection":[{"href":"https:\/\/www.lebens-qi.at\/qishop\/wp-json\/wp\/v2\/product"}],"about":[{"href":"https:\/\/www.lebens-qi.at\/qishop\/wp-json\/wp\/v2\/types\/product"}],"replies":[{"embeddable":true,"href":"https:\/\/www.lebens-qi.at\/qishop\/wp-json\/wp\/v2\/comments?post=9276"}],"wp:featuredmedia":[{"embeddable":true,"href":"https:\/\/www.lebens-qi.at\/qishop\/wp-json\/wp\/v2\/media\/9277"}],"wp:attachment":[{"href":"https:\/\/www.lebens-qi.at\/qishop\/wp-json\/wp\/v2\/media?parent=9276"}],"wp:term":[{"taxonomy":"pwb-brand","embeddable":true,"href":"https:\/\/www.lebens-qi.at\/qishop\/wp-json\/wp\/v2\/pwb-brand?post=9276"},{"taxonomy":"product_brand","embeddable":true,"href":"https:\/\/www.lebens-qi.at\/qishop\/wp-json\/wp\/v2\/product_brand?post=9276"},{"taxonomy":"product_cat","embeddable":true,"href":"https:\/\/www.lebens-qi.at\/qishop\/wp-json\/wp\/v2\/product_cat?post=9276"},{"taxonomy":"product_tag","embeddable":true,"href":"https:\/\/www.lebens-qi.at\/qishop\/wp-json\/wp\/v2\/product_tag?post=9276"}],"curies":[{"name":"wp","href":"https:\/\/api.w.org\/{rel}","templated":true}]}}