{"id":9302,"date":"2024-09-24T10:50:36","date_gmt":"2024-09-24T08:50:36","guid":{"rendered":"https:\/\/www.lebens-qi.at\/qishop\/?post_type=product&#038;p=9302"},"modified":"2025-09-25T20:22:53","modified_gmt":"2025-09-25T18:22:53","slug":"lebensbaum-anhaenger-walnussholz-mit-kette","status":"publish","type":"product","link":"https:\/\/www.lebens-qi.at\/qishop\/produkt\/lebensbaum-anhaenger-walnussholz-mit-kette\/","title":{"rendered":"Lebensbaum Anh\u00e4nger Walnussholz mit Kette"},"content":{"rendered":"<div class=\"content--description\">\n<div class=\"product--description\">\n<p><strong>Lebensbaum Anh\u00e4nger aus Edelstahl mit Walnussholz<\/strong><br \/>\nDie Walnuss hilft uns insbesondere in Zeiten der Ver\u00e4nderung und Wandlung. Stark und unersch\u00fctterlich steht sie uns zur Seite, zeigt uns neue Wege und l\u00e4\u00dft uns unsere eigene Kraft erkennen, um diese auch zu beschreiten.<br \/>\nEin St\u00fcckchen Walnuss immer bei uns zu tragen, bedeuted die gro\u00dfen und kleinen Ver\u00e4nderungen des t\u00e4glichen Lebens besser meistern zu k\u00f6nnen und mit Tatkraft voranzuschreiten.<\/p>\n<p>Anh\u00e4nger Lebensbaum<br \/>\ninklusive Edelstahlkette<br \/>\n<b>Material:<\/b> Edelstahl\/Walnussholz<br \/>\n<b>Farbe: <\/b>Silber<br \/>\n<b>Gr\u00f6\u00dfe:<\/b> ca. 21 mm<br \/>\n<strong>Kettenl\u00e4nge:<\/strong> 45 cm + 5 cm Verl\u00e4ngerung<\/p>\n<\/div>\n<\/div>\n","protected":false},"excerpt":{"rendered":"<p>f\u00fcr Transformation &amp; Neubeginn<\/p>\n","protected":false},"featured_media":9303,"comment_status":"open","ping_status":"closed","template":"","meta":{"_links_to":"","_links_to_target":""},"pwb-brand":[307],"product_brand":[],"product_cat":[3017,1011],"product_tag":[117,784,997,312,118,1955],"class_list":{"0":"post-9302","1":"product","2":"type-product","3":"status-publish","4":"has-post-thumbnail","6":"pwb-brand-berk","7":"product_cat-herbstzeit","8":"product_cat-symbolschmuck","9":"product_tag-anhaenger","10":"product_tag-edelstahl","11":"product_tag-kette","12":"product_tag-lebensbaum","13":"product_tag-schmuck","14":"product_tag-walnuss","16":"first","17":"instock","18":"taxable","19":"shipping-taxable","20":"purchasable","21":"product-type-simple"},"blog_post_layout_featured_media_urls":{"thumbnail":["https:\/\/www.lebens-qi.at\/qishop\/wp-content\/uploads\/P-364_1-schmuckset-lebensbaum-150x150.jpg",150,150,true],"full":["https:\/\/www.lebens-qi.at\/qishop\/wp-content\/uploads\/P-364_1-schmuckset-lebensbaum.jpg",800,800,false]},"categories":["307"],"categories_names":{"307":{"name":"Berk","link":"https:\/\/www.lebens-qi.at\/qishop\/brand\/berk\/"}},"comments_number":"0","brands":[{"id":307,"name":"Berk","slug":"berk"}],"_links":{"self":[{"href":"https:\/\/www.lebens-qi.at\/qishop\/wp-json\/wp\/v2\/product\/9302","targetHints":{"allow":["GET"]}}],"collection":[{"href":"https:\/\/www.lebens-qi.at\/qishop\/wp-json\/wp\/v2\/product"}],"about":[{"href":"https:\/\/www.lebens-qi.at\/qishop\/wp-json\/wp\/v2\/types\/product"}],"replies":[{"embeddable":true,"href":"https:\/\/www.lebens-qi.at\/qishop\/wp-json\/wp\/v2\/comments?post=9302"}],"wp:featuredmedia":[{"embeddable":true,"href":"https:\/\/www.lebens-qi.at\/qishop\/wp-json\/wp\/v2\/media\/9303"}],"wp:attachment":[{"href":"https:\/\/www.lebens-qi.at\/qishop\/wp-json\/wp\/v2\/media?parent=9302"}],"wp:term":[{"taxonomy":"pwb-brand","embeddable":true,"href":"https:\/\/www.lebens-qi.at\/qishop\/wp-json\/wp\/v2\/pwb-brand?post=9302"},{"taxonomy":"product_brand","embeddable":true,"href":"https:\/\/www.lebens-qi.at\/qishop\/wp-json\/wp\/v2\/product_brand?post=9302"},{"taxonomy":"product_cat","embeddable":true,"href":"https:\/\/www.lebens-qi.at\/qishop\/wp-json\/wp\/v2\/product_cat?post=9302"},{"taxonomy":"product_tag","embeddable":true,"href":"https:\/\/www.lebens-qi.at\/qishop\/wp-json\/wp\/v2\/product_tag?post=9302"}],"curies":[{"name":"wp","href":"https:\/\/api.w.org\/{rel}","templated":true}]}}