{"id":9374,"date":"2024-09-26T16:37:19","date_gmt":"2024-09-26T14:37:19","guid":{"rendered":"https:\/\/www.lebens-qi.at\/qishop\/?post_type=product&#038;p=9374"},"modified":"2024-12-19T12:16:08","modified_gmt":"2024-12-19T11:16:08","slug":"rohsteinmischung-erdung","status":"publish","type":"product","link":"https:\/\/www.lebens-qi.at\/qishop\/produkt\/rohsteinmischung-erdung\/","title":{"rendered":"Rohsteinmischung Erdung"},"content":{"rendered":"<p>Rohsteine-Set zum Thema<\/p>\n<p><strong>ERDUNG<br \/>\nStabilit\u00e4t &#8211; Urvertrauen<\/strong><\/p>\n<p>folgende Steinsorten sind in der Packung:<\/p>\n<ul>\n<li>Versteinertes Holz &#8211; f\u00fcr Erdung und Urvertrauen<\/li>\n<li>Roter Jaspis &#8211; f\u00fcr Energie, Kraft, Erfolg, Mut, Power<\/li>\n<li>Schungit &#8211; f\u00fcr Realisierung, Ver\u00e4nderung, Neubeginn, Loslassen<\/li>\n<\/ul>\n<p><strong>Inhalt:<\/strong> Gesamtgewicht ca. 200 g<br \/>\n<strong>Steingr\u00f6\u00dfe:<\/strong> je ca. 2-4 cm<\/p>\n<p><em>Rohsteine sind unbehandelte, ungeschliffene, nat\u00fcrliche Steine die f\u00fcr verschiedene Zwecke verwendet werden. Die Steine wurden zerkleinert, die Gr\u00f6\u00dfenangabe ist aber unverbindlich, sie stellt nur einen Richtwert da.<\/em><\/p>\n","protected":false},"excerpt":{"rendered":"<p>Versteinertes Holz, Roter Jaspis, Schungit<\/p>\n","protected":false},"featured_media":9375,"comment_status":"open","ping_status":"closed","template":"","meta":{"_links_to":"","_links_to_target":""},"pwb-brand":[114],"product_brand":[],"product_cat":[1013],"product_tag":[640,536,195,539,1965,1286,1728,537,566],"class_list":{"0":"post-9374","1":"product","2":"type-product","3":"status-publish","4":"has-post-thumbnail","6":"pwb-brand-lebens-qi-kraft-der-steine","7":"product_cat-mineralien-raritaeten","8":"product_tag-energie","9":"product_tag-erdung","10":"product_tag-jaspis","11":"product_tag-kraft","12":"product_tag-rohsteine","13":"product_tag-schungit","14":"product_tag-stabilitaet","15":"product_tag-urvertrauen","16":"product_tag-versteinertes-holz","18":"first","19":"instock","20":"taxable","21":"shipping-taxable","22":"purchasable","23":"product-type-simple"},"blog_post_layout_featured_media_urls":{"thumbnail":["https:\/\/www.lebens-qi.at\/qishop\/wp-content\/uploads\/rohsteine-erdung-150x150.jpg",150,150,true],"full":["https:\/\/www.lebens-qi.at\/qishop\/wp-content\/uploads\/rohsteine-erdung.jpg",680,680,false]},"categories":["114"],"categories_names":{"114":{"name":"Lebens-Qi Kraft der Steine","link":"https:\/\/www.lebens-qi.at\/qishop\/brand\/lebens-qi-kraft-der-steine\/"}},"comments_number":"0","brands":[{"id":114,"name":"Lebens-Qi Kraft der Steine","slug":"lebens-qi-kraft-der-steine"}],"_links":{"self":[{"href":"https:\/\/www.lebens-qi.at\/qishop\/wp-json\/wp\/v2\/product\/9374","targetHints":{"allow":["GET"]}}],"collection":[{"href":"https:\/\/www.lebens-qi.at\/qishop\/wp-json\/wp\/v2\/product"}],"about":[{"href":"https:\/\/www.lebens-qi.at\/qishop\/wp-json\/wp\/v2\/types\/product"}],"replies":[{"embeddable":true,"href":"https:\/\/www.lebens-qi.at\/qishop\/wp-json\/wp\/v2\/comments?post=9374"}],"wp:featuredmedia":[{"embeddable":true,"href":"https:\/\/www.lebens-qi.at\/qishop\/wp-json\/wp\/v2\/media\/9375"}],"wp:attachment":[{"href":"https:\/\/www.lebens-qi.at\/qishop\/wp-json\/wp\/v2\/media?parent=9374"}],"wp:term":[{"taxonomy":"pwb-brand","embeddable":true,"href":"https:\/\/www.lebens-qi.at\/qishop\/wp-json\/wp\/v2\/pwb-brand?post=9374"},{"taxonomy":"product_brand","embeddable":true,"href":"https:\/\/www.lebens-qi.at\/qishop\/wp-json\/wp\/v2\/product_brand?post=9374"},{"taxonomy":"product_cat","embeddable":true,"href":"https:\/\/www.lebens-qi.at\/qishop\/wp-json\/wp\/v2\/product_cat?post=9374"},{"taxonomy":"product_tag","embeddable":true,"href":"https:\/\/www.lebens-qi.at\/qishop\/wp-json\/wp\/v2\/product_tag?post=9374"}],"curies":[{"name":"wp","href":"https:\/\/api.w.org\/{rel}","templated":true}]}}