{"id":9376,"date":"2024-09-26T16:48:00","date_gmt":"2024-09-26T14:48:00","guid":{"rendered":"https:\/\/www.lebens-qi.at\/qishop\/?post_type=product&#038;p=9376"},"modified":"2024-12-19T12:16:07","modified_gmt":"2024-12-19T11:16:07","slug":"rohsteinmischung-freude","status":"publish","type":"product","link":"https:\/\/www.lebens-qi.at\/qishop\/produkt\/rohsteinmischung-freude\/","title":{"rendered":"Rohsteinmischung Freude"},"content":{"rendered":"<p>Rohsteine-Set zum Thema<\/p>\n<p><strong>FREUDE<br \/>\nLebensfreude &#8211; Optimismus<\/strong><\/p>\n<p>folgende Steinsorten sind in der Packung:<\/p>\n<ul>\n<li>Calcit gelb &#8211; f\u00fcr Lebensfreude und gute Laune<\/li>\n<li>Rauchquarz &#8211; f\u00fcr Entspannung, als Anti-Stress-Stein<\/li>\n<li>Rutilquarz &#8211; f\u00fcr Wohlbefinden<\/li>\n<\/ul>\n<p><strong>Inhalt:<\/strong> Gesamtgewicht ca. 200 g<br \/>\n<strong>Steingr\u00f6\u00dfe:<\/strong> je ca. 2-4 cm<\/p>\n<p><em>Rohsteine sind unbehandelte, ungeschliffene, nat\u00fcrliche Steine die f\u00fcr verschiedene Zwecke verwendet werden. Die Steine wurden zerkleinert, die Gr\u00f6\u00dfenangabe ist aber unverbindlich, sie stellt nur einen Richtwert da.<\/em><\/p>\n","protected":false},"excerpt":{"rendered":"<p>Calcit gelb, Rauchquarz, Rutilquarz<\/p>\n","protected":false},"featured_media":9377,"comment_status":"open","ping_status":"closed","template":"","meta":{"_links_to":"","_links_to_target":""},"pwb-brand":[114],"product_brand":[],"product_cat":[1013],"product_tag":[1968,1032,1931,645,1969,565,1965,1585],"class_list":{"0":"post-9376","1":"product","2":"type-product","3":"status-publish","4":"has-post-thumbnail","6":"pwb-brand-lebens-qi-kraft-der-steine","7":"product_cat-mineralien-raritaeten","8":"product_tag-calcit","9":"product_tag-freude","10":"product_tag-gute-laune","11":"product_tag-lebensfreude","12":"product_tag-optimismus","13":"product_tag-rauchquarz","14":"product_tag-rohsteine","15":"product_tag-rutilquarz","17":"first","18":"instock","19":"taxable","20":"shipping-taxable","21":"purchasable","22":"product-type-simple"},"blog_post_layout_featured_media_urls":{"thumbnail":["https:\/\/www.lebens-qi.at\/qishop\/wp-content\/uploads\/rohsteine-freude-150x150.jpg",150,150,true],"full":["https:\/\/www.lebens-qi.at\/qishop\/wp-content\/uploads\/rohsteine-freude.jpg",680,680,false]},"categories":["114"],"categories_names":{"114":{"name":"Lebens-Qi Kraft der Steine","link":"https:\/\/www.lebens-qi.at\/qishop\/brand\/lebens-qi-kraft-der-steine\/"}},"comments_number":"0","brands":[{"id":114,"name":"Lebens-Qi Kraft der Steine","slug":"lebens-qi-kraft-der-steine"}],"_links":{"self":[{"href":"https:\/\/www.lebens-qi.at\/qishop\/wp-json\/wp\/v2\/product\/9376","targetHints":{"allow":["GET"]}}],"collection":[{"href":"https:\/\/www.lebens-qi.at\/qishop\/wp-json\/wp\/v2\/product"}],"about":[{"href":"https:\/\/www.lebens-qi.at\/qishop\/wp-json\/wp\/v2\/types\/product"}],"replies":[{"embeddable":true,"href":"https:\/\/www.lebens-qi.at\/qishop\/wp-json\/wp\/v2\/comments?post=9376"}],"wp:featuredmedia":[{"embeddable":true,"href":"https:\/\/www.lebens-qi.at\/qishop\/wp-json\/wp\/v2\/media\/9377"}],"wp:attachment":[{"href":"https:\/\/www.lebens-qi.at\/qishop\/wp-json\/wp\/v2\/media?parent=9376"}],"wp:term":[{"taxonomy":"pwb-brand","embeddable":true,"href":"https:\/\/www.lebens-qi.at\/qishop\/wp-json\/wp\/v2\/pwb-brand?post=9376"},{"taxonomy":"product_brand","embeddable":true,"href":"https:\/\/www.lebens-qi.at\/qishop\/wp-json\/wp\/v2\/product_brand?post=9376"},{"taxonomy":"product_cat","embeddable":true,"href":"https:\/\/www.lebens-qi.at\/qishop\/wp-json\/wp\/v2\/product_cat?post=9376"},{"taxonomy":"product_tag","embeddable":true,"href":"https:\/\/www.lebens-qi.at\/qishop\/wp-json\/wp\/v2\/product_tag?post=9376"}],"curies":[{"name":"wp","href":"https:\/\/api.w.org\/{rel}","templated":true}]}}