{"id":9378,"date":"2024-09-26T16:59:56","date_gmt":"2024-09-26T14:59:56","guid":{"rendered":"https:\/\/www.lebens-qi.at\/qishop\/?post_type=product&#038;p=9378"},"modified":"2024-12-19T12:16:07","modified_gmt":"2024-12-19T11:16:07","slug":"rohsteinmischung-schutz","status":"publish","type":"product","link":"https:\/\/www.lebens-qi.at\/qishop\/produkt\/rohsteinmischung-schutz\/","title":{"rendered":"Rohsteinmischung Schutz"},"content":{"rendered":"<p>Rohsteine-Set zum Thema<\/p>\n<p><strong>SCHUTZ<br \/>\nAbgrenzung &#8211; Abwehr<br \/>\n<\/strong><\/p>\n<p>folgende Steinsorten sind in der Packung:<\/p>\n<ul>\n<li>Schwarzer Turmalin (Sch\u00f6rl) &#8211; f\u00fcr Abwehr, Abstand<\/li>\n<li>Bergkristall &#8211; f\u00fcr Klarheit, zum Verst\u00e4rken der anderen Steine<\/li>\n<li>Achat &#8211; f\u00fcr Schutz und Abgrenzung<\/li>\n<li>Onyx &#8211; gegen schwarze Magie<\/li>\n<\/ul>\n<p><strong>Inhalt:<\/strong> Gesamtgewicht ca. 200 g<br \/>\n<strong>Steingr\u00f6\u00dfe:<\/strong> je ca. 2-4 cm<\/p>\n<p><em>Rohsteine sind unbehandelte, ungeschliffene, nat\u00fcrliche Steine die f\u00fcr verschiedene Zwecke verwendet werden. Die Steine wurden zerkleinert, die Gr\u00f6\u00dfenangabe ist aber unverbindlich, sie stellt nur einen Richtwert da.<\/em><\/p>\n","protected":false},"excerpt":{"rendered":"<p>Schwarzer Turmalin, Bergkristall, Achat, Onyx<\/p>\n","protected":false},"featured_media":9379,"comment_status":"open","ping_status":"closed","template":"","meta":{"_links_to":"","_links_to_target":""},"pwb-brand":[114],"product_brand":[],"product_cat":[1013],"product_tag":[122,1930,543,569,167,1733,1965,116,121,115],"class_list":{"0":"post-9378","1":"product","2":"type-product","3":"status-publish","4":"has-post-thumbnail","6":"pwb-brand-lebens-qi-kraft-der-steine","7":"product_cat-mineralien-raritaeten","8":"product_tag-abgrenzung","9":"product_tag-abstand","10":"product_tag-abwehr","11":"product_tag-achat","12":"product_tag-bergkristall","13":"product_tag-onyx","14":"product_tag-rohsteine","15":"product_tag-schoerl","16":"product_tag-schutz","17":"product_tag-schwarzer-turmalin","19":"first","20":"instock","21":"taxable","22":"shipping-taxable","23":"purchasable","24":"product-type-simple"},"blog_post_layout_featured_media_urls":{"thumbnail":["https:\/\/www.lebens-qi.at\/qishop\/wp-content\/uploads\/rohsteine-schutz-150x150.jpg",150,150,true],"full":["https:\/\/www.lebens-qi.at\/qishop\/wp-content\/uploads\/rohsteine-schutz.jpg",680,680,false]},"categories":["114"],"categories_names":{"114":{"name":"Lebens-Qi Kraft der Steine","link":"https:\/\/www.lebens-qi.at\/qishop\/brand\/lebens-qi-kraft-der-steine\/"}},"comments_number":"0","brands":[{"id":114,"name":"Lebens-Qi Kraft der Steine","slug":"lebens-qi-kraft-der-steine"}],"_links":{"self":[{"href":"https:\/\/www.lebens-qi.at\/qishop\/wp-json\/wp\/v2\/product\/9378","targetHints":{"allow":["GET"]}}],"collection":[{"href":"https:\/\/www.lebens-qi.at\/qishop\/wp-json\/wp\/v2\/product"}],"about":[{"href":"https:\/\/www.lebens-qi.at\/qishop\/wp-json\/wp\/v2\/types\/product"}],"replies":[{"embeddable":true,"href":"https:\/\/www.lebens-qi.at\/qishop\/wp-json\/wp\/v2\/comments?post=9378"}],"wp:featuredmedia":[{"embeddable":true,"href":"https:\/\/www.lebens-qi.at\/qishop\/wp-json\/wp\/v2\/media\/9379"}],"wp:attachment":[{"href":"https:\/\/www.lebens-qi.at\/qishop\/wp-json\/wp\/v2\/media?parent=9378"}],"wp:term":[{"taxonomy":"pwb-brand","embeddable":true,"href":"https:\/\/www.lebens-qi.at\/qishop\/wp-json\/wp\/v2\/pwb-brand?post=9378"},{"taxonomy":"product_brand","embeddable":true,"href":"https:\/\/www.lebens-qi.at\/qishop\/wp-json\/wp\/v2\/product_brand?post=9378"},{"taxonomy":"product_cat","embeddable":true,"href":"https:\/\/www.lebens-qi.at\/qishop\/wp-json\/wp\/v2\/product_cat?post=9378"},{"taxonomy":"product_tag","embeddable":true,"href":"https:\/\/www.lebens-qi.at\/qishop\/wp-json\/wp\/v2\/product_tag?post=9378"}],"curies":[{"name":"wp","href":"https:\/\/api.w.org\/{rel}","templated":true}]}}