{"id":957,"date":"2024-02-14T00:34:31","date_gmt":"2024-02-13T23:34:31","guid":{"rendered":"https:\/\/www.lebens-qi.at\/qishop\/produkt\/intuition-auraspray\/"},"modified":"2024-11-18T20:13:15","modified_gmt":"2024-11-18T19:13:15","slug":"intuition-auraspray","status":"publish","type":"product","link":"https:\/\/www.lebens-qi.at\/qishop\/produkt\/intuition-auraspray\/","title":{"rendered":"Intuition &#8211; Auraspray"},"content":{"rendered":"<p><b>INTUITION<\/b><\/p>\n<p><b>Leitstein: <\/b>Mondstein<\/p>\n<p><b>Erzengel:<\/b> Jophiel<\/p>\n<p><b>\u201eIch vertraue meiner Intuition\u201c<\/b><br \/>\nBauchgef\u00fchl, Einf\u00fchlungsverm\u00f6gen, Gesp\u00fcr, Gef\u00fchlstiefe, Wahrnehmung, Medialit\u00e4t.<\/p>\n<p><b>Weitere Mineralien:<\/b> Labradorit, Feueropal, Orthoklas u.a.<\/p>\n<p><b>Leitduft: <\/b>Immortelle<\/p>\n<p>Inhalt 50ml \u2013 in hochwertigem MIRON-Violettglas<\/p>\n","protected":false},"excerpt":{"rendered":"<p>Ich vertraue meiner Intuition<\/p>\n","protected":false},"featured_media":9245,"comment_status":"open","ping_status":"closed","template":"","meta":{"_links_to":"","_links_to_target":""},"pwb-brand":[166],"product_brand":[],"product_cat":[218],"product_tag":[157,164,163,842,393,1729,1775,165,1937],"class_list":{"0":"post-957","1":"product","2":"type-product","3":"status-publish","4":"has-post-thumbnail","6":"pwb-brand-engelalm","7":"product_cat-lebensthemen-aurasprays","8":"product_tag-auraspray","9":"product_tag-edelsteinessenz","10":"product_tag-engelalm","11":"product_tag-hellsichtigkeit","12":"product_tag-immortelle","13":"product_tag-intuition","14":"product_tag-mondstein","15":"product_tag-themenspray","16":"product_tag-wahrnehmung","18":"first","19":"instock","20":"taxable","21":"shipping-taxable","22":"purchasable","23":"product-type-simple"},"blog_post_layout_featured_media_urls":{"thumbnail":["https:\/\/www.lebens-qi.at\/qishop\/wp-content\/uploads\/intuition-auraspray-150x150.jpg",150,150,true],"full":["https:\/\/www.lebens-qi.at\/qishop\/wp-content\/uploads\/intuition-auraspray.jpg",490,490,false]},"categories":["166"],"categories_names":{"166":{"name":"Engelalm","link":"https:\/\/www.lebens-qi.at\/qishop\/brand\/engelalm\/"}},"comments_number":"0","brands":[{"id":166,"name":"Engelalm","slug":"engelalm"}],"_links":{"self":[{"href":"https:\/\/www.lebens-qi.at\/qishop\/wp-json\/wp\/v2\/product\/957","targetHints":{"allow":["GET"]}}],"collection":[{"href":"https:\/\/www.lebens-qi.at\/qishop\/wp-json\/wp\/v2\/product"}],"about":[{"href":"https:\/\/www.lebens-qi.at\/qishop\/wp-json\/wp\/v2\/types\/product"}],"replies":[{"embeddable":true,"href":"https:\/\/www.lebens-qi.at\/qishop\/wp-json\/wp\/v2\/comments?post=957"}],"wp:featuredmedia":[{"embeddable":true,"href":"https:\/\/www.lebens-qi.at\/qishop\/wp-json\/wp\/v2\/media\/9245"}],"wp:attachment":[{"href":"https:\/\/www.lebens-qi.at\/qishop\/wp-json\/wp\/v2\/media?parent=957"}],"wp:term":[{"taxonomy":"pwb-brand","embeddable":true,"href":"https:\/\/www.lebens-qi.at\/qishop\/wp-json\/wp\/v2\/pwb-brand?post=957"},{"taxonomy":"product_brand","embeddable":true,"href":"https:\/\/www.lebens-qi.at\/qishop\/wp-json\/wp\/v2\/product_brand?post=957"},{"taxonomy":"product_cat","embeddable":true,"href":"https:\/\/www.lebens-qi.at\/qishop\/wp-json\/wp\/v2\/product_cat?post=957"},{"taxonomy":"product_tag","embeddable":true,"href":"https:\/\/www.lebens-qi.at\/qishop\/wp-json\/wp\/v2\/product_tag?post=957"}],"curies":[{"name":"wp","href":"https:\/\/api.w.org\/{rel}","templated":true}]}}