{"id":9716,"date":"2024-10-02T19:18:52","date_gmt":"2024-10-02T17:18:52","guid":{"rendered":"https:\/\/www.lebens-qi.at\/qishop\/?post_type=product&#038;p=9716"},"modified":"2026-04-07T11:04:29","modified_gmt":"2026-04-07T09:04:29","slug":"goettin-von-willendorf-energiekerze-mini","status":"publish","type":"product","link":"https:\/\/www.lebens-qi.at\/qishop\/produkt\/goettin-von-willendorf-energiekerze-mini\/","title":{"rendered":"G\u00f6ttin von Willendorf Energiekerze mini"},"content":{"rendered":"<p><strong>Energiekerze G\u00f6ttin von Willendorf<\/strong><br \/>\n\u201eMein Licht brennt f\u00fcr die Verbindung der weiblichen Energie mit der Erde\u201c<\/p>\n<p><strong>Anbindung an die gro\u00dfe Mutterg\u00f6ttin \u2022 Energiekerze \u2022 Verwurzelung \u2022 Stabilit\u00e4t<\/strong><\/p>\n<p><strong>Lichtbringer mit Symbolkraft<\/strong><br \/>\nLicht, W\u00e4rme und Symbolwirkung vereinigen sich in unseren Engelalm Energiekerzen.<br \/>\nDurch diese Qualit\u00e4ten erhalten wir Zugang zu unseren eigenen Kraftquellen im spirituellen Raum. Wir k\u00f6nnen uns \u00fcber das Entz\u00fcnden der entsprechenden Themenkerze mit unserer eigenen g\u00f6ttlichen Quelle verbinden und so auf h\u00f6chster Ebene Heilung erlangen.<br \/>\nDie Kerzen werden in <strong>regionaler<\/strong> Handarbeit <strong>hergestellt<\/strong> und liebevoll <strong>veredelt.<\/strong><\/p>\n<p><b>Symbolminis <\/b><br \/>\nca. 25 Stunden Brenndauer und einer \u201ekleinen\u201c Gr\u00f6\u00dfe von 10 cm<br \/>\nund einem Durchmesser von 5 cm<\/p>\n<p><strong>Material:<\/strong> Paraffin<br \/>\n<strong>Brenndauer:<\/strong> 100\/50 = 25 Std.<br \/>\n<strong>Erzeugung in \u00d6sterreich<\/strong><\/p>\n","protected":false},"excerpt":{"rendered":"<p>St\u00e4rkt die Kraft der Frau<\/p>\n","protected":false},"featured_media":9717,"comment_status":"open","ping_status":"closed","template":"","meta":{"_links_to":"","_links_to_target":""},"pwb-brand":[166],"product_brand":[],"product_cat":[3168,504],"product_tag":[501,163,511,1961,3076,1171,1728,1980,868],"class_list":{"0":"post-9716","1":"product","2":"type-product","3":"status-publish","4":"has-post-thumbnail","6":"pwb-brand-engelalm","7":"product_cat-fuer-goettinnen-weibliche-kraft","8":"product_cat-themenkerzen","9":"product_tag-energiekerze","10":"product_tag-engelalm","11":"product_tag-goettin","12":"product_tag-kerze","13":"product_tag-matridea","14":"product_tag-mutter-erde","15":"product_tag-stabilitaet","16":"product_tag-verwurzelung","17":"product_tag-weiblichkeit","19":"first","20":"instock","21":"taxable","22":"shipping-taxable","23":"purchasable","24":"product-type-simple"},"blog_post_layout_featured_media_urls":{"thumbnail":["https:\/\/www.lebens-qi.at\/qishop\/wp-content\/uploads\/goettin-kerze-klein-150x150.jpg",150,150,true],"full":["https:\/\/www.lebens-qi.at\/qishop\/wp-content\/uploads\/goettin-kerze-klein.jpg",600,600,false]},"categories":["166"],"categories_names":{"166":{"name":"Engelalm","link":"https:\/\/www.lebens-qi.at\/qishop\/brand\/engelalm\/"}},"comments_number":"0","brands":[{"id":166,"name":"Engelalm","slug":"engelalm"}],"_links":{"self":[{"href":"https:\/\/www.lebens-qi.at\/qishop\/wp-json\/wp\/v2\/product\/9716","targetHints":{"allow":["GET"]}}],"collection":[{"href":"https:\/\/www.lebens-qi.at\/qishop\/wp-json\/wp\/v2\/product"}],"about":[{"href":"https:\/\/www.lebens-qi.at\/qishop\/wp-json\/wp\/v2\/types\/product"}],"replies":[{"embeddable":true,"href":"https:\/\/www.lebens-qi.at\/qishop\/wp-json\/wp\/v2\/comments?post=9716"}],"wp:featuredmedia":[{"embeddable":true,"href":"https:\/\/www.lebens-qi.at\/qishop\/wp-json\/wp\/v2\/media\/9717"}],"wp:attachment":[{"href":"https:\/\/www.lebens-qi.at\/qishop\/wp-json\/wp\/v2\/media?parent=9716"}],"wp:term":[{"taxonomy":"pwb-brand","embeddable":true,"href":"https:\/\/www.lebens-qi.at\/qishop\/wp-json\/wp\/v2\/pwb-brand?post=9716"},{"taxonomy":"product_brand","embeddable":true,"href":"https:\/\/www.lebens-qi.at\/qishop\/wp-json\/wp\/v2\/product_brand?post=9716"},{"taxonomy":"product_cat","embeddable":true,"href":"https:\/\/www.lebens-qi.at\/qishop\/wp-json\/wp\/v2\/product_cat?post=9716"},{"taxonomy":"product_tag","embeddable":true,"href":"https:\/\/www.lebens-qi.at\/qishop\/wp-json\/wp\/v2\/product_tag?post=9716"}],"curies":[{"name":"wp","href":"https:\/\/api.w.org\/{rel}","templated":true}]}}