{"id":9734,"date":"2024-10-03T11:18:03","date_gmt":"2024-10-03T09:18:03","guid":{"rendered":"https:\/\/www.lebens-qi.at\/qishop\/?post_type=product&#038;p=9734"},"modified":"2024-12-11T11:17:24","modified_gmt":"2024-12-11T10:17:24","slug":"der-kleine-guide-der-astrologie","status":"publish","type":"product","link":"https:\/\/www.lebens-qi.at\/qishop\/produkt\/der-kleine-guide-der-astrologie\/","title":{"rendered":"Der kleine Guide der Astrologie"},"content":{"rendered":"<p><b>Der kleine Guide der Astrologie<\/b><br \/>\nDas eigene Horoskop entschl\u00fcsseln und die Macht der Sterne nutzen<br \/>\n<em>von Lisa Butterworth<br \/>\n<\/em><\/p>\n<div class=\"coverText\">\n<p><b>Moderne Lebenshilfe aus der Astrologie<\/b><br \/>\n\u2022 Die Macht der Sterne nutzen: <b> Astrologie einfach erkl\u00e4rt<\/b><br \/>\n\u2022 <b>Sternzeichen und Aszendenten<\/b> : mit kompakten Portr\u00e4ts aller Tierkreiszeichen<br \/>\n\u2022 Der Schl\u00fcssel zur Selbsterkenntnis: <b> Geburtshoroskope verstehen und richtig deuten<\/b><br \/>\n\u2022 F\u00fcr alle, die ihr Leben im <b>Kontext ihres Sternzeichens<\/b> verstehen wollen<\/p>\n<p><b>Das Schicksal in die eigene Hand nehmen<\/b><br \/>\nDieser praktische Ratgeber bietet einen <b>leicht verst\u00e4ndlichen Einstieg in die Astrologie<\/b> . Nach einer kurzen Einf\u00fchrung in die Geschichte und die Grundlagen werden die <b>Tierkreiszeichen<\/b> vorgestellt. In kompakten Portr\u00e4ts erf\u00e4hrt man alles \u00fcber die <b>Eigenschaften der Sternzeichen <\/b> in Bezug auf Selbsterkenntnis, Beziehung und Familie sowie Karriere und Geld. Das Buch erkl\u00e4rt den <b>Einfluss der Planeten <\/b> und beschreibt die <b>12 astrologischen H\u00e4user<\/b> und ihre Wirkung. Abgerundet wird das Buch durch die Erl\u00e4uterung zum Geburtshoroskop und dem dazugeh\u00f6rigen Aszendenten. \u201cDer kleine Guide der Astrologie\u201d ist der perfekte Ratgeber f\u00fcr alle, die ihre eigene Pers\u00f6nlichkeit besser verstehen und eine engere Verbindung zu sich selbst und anderen Menschen aufbauen m\u00f6chten.<\/p>\n<p><b>Die Botschaft der Sterne entschl\u00fcsseln: eine praktische und alltagstaugliche Einf\u00fchrung in die Astrologie.<\/b><\/p>\n<\/div>\n<p>&nbsp;<\/p>\n","protected":false},"excerpt":{"rendered":"<p>Das eigene Horoskop entschl\u00fcsseln und die Macht der Sterne nutzen<\/p>\n","protected":false},"featured_media":9735,"comment_status":"open","ping_status":"closed","template":"","meta":{"_links_to":"","_links_to_target":""},"pwb-brand":[1517],"product_brand":[],"product_cat":[820],"product_tag":[860,580,2000,1358,2006,1520,1452,1535,521],"class_list":{"0":"post-9734","1":"product","2":"type-product","3":"status-publish","4":"has-post-thumbnail","6":"pwb-brand-dorling-kindersley-verlag","7":"product_cat-astrologie","8":"product_tag-astrologie","9":"product_tag-buch","10":"product_tag-eigenschaften","11":"product_tag-horoskop","12":"product_tag-lebenshilfe","13":"product_tag-lisa-butterworth","14":"product_tag-ratgeber","15":"product_tag-schicksal","16":"product_tag-sternzeichen","18":"first","19":"instock","20":"taxable","21":"shipping-taxable","22":"purchasable","23":"product-type-simple"},"blog_post_layout_featured_media_urls":{"thumbnail":["https:\/\/www.lebens-qi.at\/qishop\/wp-content\/uploads\/9783831049165-X-astrologie-150x150.jpg",150,150,true],"full":["https:\/\/www.lebens-qi.at\/qishop\/wp-content\/uploads\/9783831049165-X-astrologie.jpg",648,648,false]},"categories":["1517"],"categories_names":{"1517":{"name":"Dorling Kindersley Verlag","link":"https:\/\/www.lebens-qi.at\/qishop\/brand\/dorling-kindersley-verlag\/"}},"comments_number":"0","brands":[{"id":1517,"name":"Dorling Kindersley Verlag","slug":"dorling-kindersley-verlag"}],"_links":{"self":[{"href":"https:\/\/www.lebens-qi.at\/qishop\/wp-json\/wp\/v2\/product\/9734","targetHints":{"allow":["GET"]}}],"collection":[{"href":"https:\/\/www.lebens-qi.at\/qishop\/wp-json\/wp\/v2\/product"}],"about":[{"href":"https:\/\/www.lebens-qi.at\/qishop\/wp-json\/wp\/v2\/types\/product"}],"replies":[{"embeddable":true,"href":"https:\/\/www.lebens-qi.at\/qishop\/wp-json\/wp\/v2\/comments?post=9734"}],"wp:featuredmedia":[{"embeddable":true,"href":"https:\/\/www.lebens-qi.at\/qishop\/wp-json\/wp\/v2\/media\/9735"}],"wp:attachment":[{"href":"https:\/\/www.lebens-qi.at\/qishop\/wp-json\/wp\/v2\/media?parent=9734"}],"wp:term":[{"taxonomy":"pwb-brand","embeddable":true,"href":"https:\/\/www.lebens-qi.at\/qishop\/wp-json\/wp\/v2\/pwb-brand?post=9734"},{"taxonomy":"product_brand","embeddable":true,"href":"https:\/\/www.lebens-qi.at\/qishop\/wp-json\/wp\/v2\/product_brand?post=9734"},{"taxonomy":"product_cat","embeddable":true,"href":"https:\/\/www.lebens-qi.at\/qishop\/wp-json\/wp\/v2\/product_cat?post=9734"},{"taxonomy":"product_tag","embeddable":true,"href":"https:\/\/www.lebens-qi.at\/qishop\/wp-json\/wp\/v2\/product_tag?post=9734"}],"curies":[{"name":"wp","href":"https:\/\/api.w.org\/{rel}","templated":true}]}}