{"id":9746,"date":"2024-10-03T19:42:44","date_gmt":"2024-10-03T17:42:44","guid":{"rendered":"https:\/\/www.lebens-qi.at\/qishop\/?post_type=product&#038;p=9746"},"modified":"2024-12-11T12:01:22","modified_gmt":"2024-12-11T11:01:22","slug":"chiliger-florian-wald-und-wiesenhonig","status":"publish","type":"product","link":"https:\/\/www.lebens-qi.at\/qishop\/produkt\/chiliger-florian-wald-und-wiesenhonig\/","title":{"rendered":"Chiliger Florian &#8211; Wald- und Wiesenhonig mit Chili"},"content":{"rendered":"<h3 class=\"jw-heading-70\">Chiliger Florian<\/h3>\n<p><em>&#8222;Unser Urgro\u00dfvater Florian war ein sehr ausgeglichener und entspannter Mann. Heute w\u00fcrde man sagen, er war gechillt. Daher haben wir diesen Honig mit Chili nach ihm benannt. Unser Honig Chiliger Florian ist aber genau das Gegenteil, er weckt die Geschmackssinne.&#8220;<\/em> &#8212; Martin St\u00f6ger, FlorBee<\/p>\n<p>Chili verleiht diesem Honig eine feurige, aber angenehme Sch\u00e4rfe. Der Chili-Honig kann auch zum Grillen verwendet werden, indem man etwas davon in die Grillmarinade gibt, oder zum pikanten S\u00fc\u00dfen von Salatdressings.<\/p>\n<p>Den Chili-Honig gibt es in 2 Varianten, eine davon ist &#8222;rauchig&#8220; im Geschmack, beide haben schon eine gute Sch\u00e4rfe, also nichts f\u00fcr schwache Geschmacksknopsen.<\/p>\n<p><strong>Chili Habanero scharf<\/strong><\/p>\n<ul>\n<li>Dieser Chili-Honig ist sicherlich etwas f\u00fcr jeden Chili-Fan (Scoville-Einheiten liegen f\u00fcr Habanero zwischen 100.000-500.000). Er passt hervorragend zu Steaks, Pasta, Gem\u00fcse, Salaten, K\u00e4se und als Zutat f\u00fcr scharfe Saucen.<\/li>\n<\/ul>\n<p><strong>Chili Chipotle Jalapeno rauchig<\/strong><\/p>\n<ul>\n<li>\u00a0Chipotle ist eine feurige Spezialit\u00e4t, die aus Jalape\u00f1o Chili hergestellt wird. \u00a0Da Jalape\u00f1os zu fleischig zum Lufttrocknen sind, werden die reifen Schoten dieser Sorte in Mexiko traditionell durch R\u00e4uchern getrocknet, was ihnen einen rauchigen Geschmack verleiht. Dieser Honig passt hervorragend zu Steaks, Kartoffeln, K\u00fcrbis, Salaten und zu K\u00e4se<\/li>\n<\/ul>\n<p><strong>Inhalt:<\/strong> 250 g<br \/>\n<strong>Zutaten:<\/strong> Wald- und Wiesen-Honig, 2 % Chili (Sorte gem\u00e4\u00df Auswahl)<\/p>\n<p>Regional aus G\u00e4nserndorf\/Nieder\u00f6sterreich<\/p>\n<h3><span class=\"OYPEnA font-feature-liga-off font-feature-clig-off font-feature-calt-off text-decoration-none text-strikethrough-none\"><strong>~ FlorBee Honigsorten mit Geschmack ~<br \/>\n<\/strong><\/span><\/h3>\n<p><span id=\"output-sentence~0\"><span id=\"output-word~0~0\" data-segment-position=\"0\">Bienenhonig<\/span><span id=\"output-word~0~2\" data-segment-position=\"2\">\u00a0<\/span><span id=\"output-word~0~3\" data-segment-position=\"3\">aus <\/span><span id=\"output-word~0~4\" data-segment-position=\"4\">eigener <\/span><span id=\"output-word~0~5\" data-segment-position=\"5\">Herstellung <\/span><span id=\"output-word~0~6\" data-segment-position=\"6\">von <\/span><span id=\"output-word~0~7\" data-segment-position=\"7\">FlorBee.<\/span><\/span> <span id=\"output-sentence~1\"><span id=\"output-word~1~0\" data-segment-position=\"0\">Die <\/span><span id=\"output-word~1~1\" data-segment-position=\"1\">Herstellung <\/span><span id=\"output-word~1~2\" data-segment-position=\"2\">aller <\/span><span id=\"output-word~1~3\" data-segment-position=\"3\">Honigprodukte <\/span><span id=\"output-word~1~4\" data-segment-position=\"4\">erfolgt <\/span><span id=\"output-word~1~5\" data-segment-position=\"5\">selbstst\u00e4ndig <\/span><span id=\"output-word~1~6\" data-segment-position=\"6\">und <\/span><span id=\"output-word~1~7\" data-segment-position=\"7\">entspricht <\/span><span id=\"output-word~1~8\" data-segment-position=\"8\">den <\/span><span id=\"output-word~1~9\" data-segment-position=\"9\">h\u00f6chsten <\/span><span id=\"output-word~1~10\" data-segment-position=\"10\">Qualit\u00e4tsstandards.<\/span><\/span> <span id=\"output-sentence~2\"><span id=\"output-word~2~0\" data-segment-position=\"0\">Honig <\/span><span id=\"output-word~2~1\" data-segment-position=\"1\">wird <\/span><span id=\"output-word~2~2\" data-segment-position=\"2\">von <\/span><span id=\"output-word~2~3\" data-segment-position=\"3\">Natur <\/span><span id=\"output-word~2~4\" data-segment-position=\"4\">aus <\/span><span id=\"output-word~2~5\" data-segment-position=\"5\">hergestellt <\/span><span id=\"output-word~2~6\" data-segment-position=\"6\">und <\/span><span id=\"output-word~2~7\" data-segment-position=\"7\">enth\u00e4lt <\/span><span id=\"output-word~2~8\" data-segment-position=\"8\">keine <\/span><span id=\"output-word~2~9\" data-segment-position=\"9\">chemischen <\/span><span id=\"output-word~2~10\" data-segment-position=\"10\">Zusatzstoffe, <\/span><span id=\"output-word~2~11\" data-segment-position=\"11\">Farbstoffe <\/span><span id=\"output-word~2~12\" data-segment-position=\"12\">oder <\/span><span id=\"output-word~2~13\" data-segment-position=\"13\">Konservierungsmittel!<\/span><\/span><\/p>\n<p><span class=\"OYPEnA font-feature-liga-off font-feature-clig-off font-feature-calt-off text-decoration-none text-strikethrough-none\">Alle FlorBee Honigsorten mit Geschmack sind benannt nach den Mitgliedern der Familie Nickmann-St\u00f6ger. <strong>Das ist Honig mit Geschichte!<\/strong><\/span><\/p>\n<div class=\"product-page__container\">\n<div class=\"product-page__description\">\n<p>&nbsp;<\/p>\n<\/div>\n<\/div>\n","protected":false},"excerpt":{"rendered":"<p>Bienenhonig mit Geschmack aus G\u00e4nserndorf\/Nieder\u00f6sterreich<\/p>\n","protected":false},"featured_media":9785,"comment_status":"open","ping_status":"closed","template":"","meta":{"_links_to":"","_links_to_target":""},"pwb-brand":[2019],"product_brand":[],"product_cat":[1760],"product_tag":[2020,1764,1761,1763,1762,1220],"class_list":{"0":"post-9746","1":"product","2":"type-product","3":"status-publish","4":"has-post-thumbnail","6":"pwb-brand-florbee","7":"product_cat-marchfelder-genusseck","8":"product_tag-chili","9":"product_tag-gaenserndorf","10":"product_tag-honig","11":"product_tag-imker","12":"product_tag-naturbelassen","13":"product_tag-oesterreich","14":"pa_herkunft-oesterreich","16":"first","17":"instock","18":"taxable","19":"shipping-taxable","20":"purchasable","21":"product-type-variable"},"blog_post_layout_featured_media_urls":{"thumbnail":["https:\/\/www.lebens-qi.at\/qishop\/wp-content\/uploads\/chiliger-florian-habanero-150x150.jpg",150,150,true],"full":["https:\/\/www.lebens-qi.at\/qishop\/wp-content\/uploads\/chiliger-florian-habanero.jpg",800,800,false]},"categories":["2019"],"categories_names":{"2019":{"name":"FlorBee","link":"https:\/\/www.lebens-qi.at\/qishop\/brand\/florbee\/"}},"comments_number":"0","brands":[{"id":2019,"name":"FlorBee","slug":"florbee"}],"_links":{"self":[{"href":"https:\/\/www.lebens-qi.at\/qishop\/wp-json\/wp\/v2\/product\/9746","targetHints":{"allow":["GET"]}}],"collection":[{"href":"https:\/\/www.lebens-qi.at\/qishop\/wp-json\/wp\/v2\/product"}],"about":[{"href":"https:\/\/www.lebens-qi.at\/qishop\/wp-json\/wp\/v2\/types\/product"}],"replies":[{"embeddable":true,"href":"https:\/\/www.lebens-qi.at\/qishop\/wp-json\/wp\/v2\/comments?post=9746"}],"wp:featuredmedia":[{"embeddable":true,"href":"https:\/\/www.lebens-qi.at\/qishop\/wp-json\/wp\/v2\/media\/9785"}],"wp:attachment":[{"href":"https:\/\/www.lebens-qi.at\/qishop\/wp-json\/wp\/v2\/media?parent=9746"}],"wp:term":[{"taxonomy":"pwb-brand","embeddable":true,"href":"https:\/\/www.lebens-qi.at\/qishop\/wp-json\/wp\/v2\/pwb-brand?post=9746"},{"taxonomy":"product_brand","embeddable":true,"href":"https:\/\/www.lebens-qi.at\/qishop\/wp-json\/wp\/v2\/product_brand?post=9746"},{"taxonomy":"product_cat","embeddable":true,"href":"https:\/\/www.lebens-qi.at\/qishop\/wp-json\/wp\/v2\/product_cat?post=9746"},{"taxonomy":"product_tag","embeddable":true,"href":"https:\/\/www.lebens-qi.at\/qishop\/wp-json\/wp\/v2\/product_tag?post=9746"}],"curies":[{"name":"wp","href":"https:\/\/api.w.org\/{rel}","templated":true}]}}