{"id":9810,"date":"2024-10-09T15:17:46","date_gmt":"2024-10-09T13:17:46","guid":{"rendered":"https:\/\/www.lebens-qi.at\/qishop\/?post_type=product&#038;p=9810"},"modified":"2025-02-21T11:34:59","modified_gmt":"2025-02-21T10:34:59","slug":"schwarzer-turmalin-trommelstein-anhaenger-2","status":"publish","type":"product","link":"https:\/\/www.lebens-qi.at\/qishop\/produkt\/schwarzer-turmalin-trommelstein-anhaenger-2\/","title":{"rendered":"Schwarzer Turmalin Trommelstein-Anh\u00e4nger"},"content":{"rendered":"<p><b>Schwarzer Turmalin Edelsteinanh\u00e4nger <\/b><br \/>\nTrommelstein mit galvanisierter stiftgebohrten Metall\u00f6se* (Messing verzinnt)<\/p>\n<p>Farbe: schwarz<br \/>\nChakrazuordnung: Wurzelchakra<br \/>\nThemen: Abwehr, Schutz, Abstand<br \/>\nSternzeichen: Steinbock<br \/>\nGr\u00f6\u00dfe: ca. 2,5 (ohne \u00d6se)<\/p>\n<p><em>Hinweis: Symbolfoto \u2013 Abweichungen in Gr\u00f6\u00dfe, Farbe und Form sind bei nat\u00fcrlichen Steinen normal.<br \/>\nLieferumfang: 1 Anh\u00e4nger ohne Band\/Kette<\/em><\/p>\n<p><em>*Dieses Produkt ist frei von Nickel, Blei und Cadmium. Dies bedeutet, dass solche Metalle nicht Bestandteil sind oder lediglich in den begrenzten Mengen, die innerhalb der europ\u00e4ischen Produktsicherheitsnormen zul\u00e4ssig sind (REACH).<\/em><\/p>\n","protected":false},"excerpt":{"rendered":"<p>f\u00fcr Schutz &amp; Abgrenzung<\/p>\n","protected":false},"featured_media":9811,"comment_status":"open","ping_status":"closed","template":"","meta":{"_links_to":"","_links_to_target":""},"pwb-brand":[276],"product_brand":[],"product_cat":[1739,1740],"product_tag":[543,117,116,121,115,197],"class_list":{"0":"post-9810","1":"product","2":"type-product","3":"status-publish","4":"has-post-thumbnail","6":"pwb-brand-mani-bhadra-phoenix-import","7":"product_cat-andere-steinanhaenger","8":"product_cat-andere-steinanhaenger-steinschmuck-schmuck-mit-wirkung","9":"product_tag-abwehr","10":"product_tag-anhaenger","11":"product_tag-schoerl","12":"product_tag-schutz","13":"product_tag-schwarzer-turmalin","14":"product_tag-turmalin","16":"first","17":"instock","18":"taxable","19":"shipping-taxable","20":"purchasable","21":"product-type-simple"},"blog_post_layout_featured_media_urls":{"thumbnail":["https:\/\/www.lebens-qi.at\/qishop\/wp-content\/uploads\/77123-turmalin-anhaenger-einzeln-150x150.jpg",150,150,true],"full":["https:\/\/www.lebens-qi.at\/qishop\/wp-content\/uploads\/77123-turmalin-anhaenger-einzeln.jpg",587,587,false]},"categories":["276"],"categories_names":{"276":{"name":"Mani Bhadra - Phoenix Import","link":"https:\/\/www.lebens-qi.at\/qishop\/brand\/mani-bhadra-phoenix-import\/"}},"comments_number":"0","brands":[{"id":276,"name":"Mani Bhadra - Phoenix Import","slug":"mani-bhadra-phoenix-import"}],"_links":{"self":[{"href":"https:\/\/www.lebens-qi.at\/qishop\/wp-json\/wp\/v2\/product\/9810","targetHints":{"allow":["GET"]}}],"collection":[{"href":"https:\/\/www.lebens-qi.at\/qishop\/wp-json\/wp\/v2\/product"}],"about":[{"href":"https:\/\/www.lebens-qi.at\/qishop\/wp-json\/wp\/v2\/types\/product"}],"replies":[{"embeddable":true,"href":"https:\/\/www.lebens-qi.at\/qishop\/wp-json\/wp\/v2\/comments?post=9810"}],"wp:featuredmedia":[{"embeddable":true,"href":"https:\/\/www.lebens-qi.at\/qishop\/wp-json\/wp\/v2\/media\/9811"}],"wp:attachment":[{"href":"https:\/\/www.lebens-qi.at\/qishop\/wp-json\/wp\/v2\/media?parent=9810"}],"wp:term":[{"taxonomy":"pwb-brand","embeddable":true,"href":"https:\/\/www.lebens-qi.at\/qishop\/wp-json\/wp\/v2\/pwb-brand?post=9810"},{"taxonomy":"product_brand","embeddable":true,"href":"https:\/\/www.lebens-qi.at\/qishop\/wp-json\/wp\/v2\/product_brand?post=9810"},{"taxonomy":"product_cat","embeddable":true,"href":"https:\/\/www.lebens-qi.at\/qishop\/wp-json\/wp\/v2\/product_cat?post=9810"},{"taxonomy":"product_tag","embeddable":true,"href":"https:\/\/www.lebens-qi.at\/qishop\/wp-json\/wp\/v2\/product_tag?post=9810"}],"curies":[{"name":"wp","href":"https:\/\/api.w.org\/{rel}","templated":true}]}}