{"id":9836,"date":"2024-10-09T19:24:13","date_gmt":"2024-10-09T17:24:13","guid":{"rendered":"https:\/\/www.lebens-qi.at\/qishop\/?post_type=product&#038;p=9836"},"modified":"2024-12-11T11:45:24","modified_gmt":"2024-12-11T10:45:24","slug":"seelensterne-karten-set","status":"publish","type":"product","link":"https:\/\/www.lebens-qi.at\/qishop\/produkt\/seelensterne-karten-set\/","title":{"rendered":"Seelensterne &#8211; Karten-Set"},"content":{"rendered":"<p><b>Kartenset: Seelensterne<\/b><br \/>\nDas Astrologie Orakel &#8211; Nutze die Kraft der Planeten und Sterne<br \/>\n<em>von Mona Hieronymus<br \/>\n<\/em><\/p>\n<div class=\"coverText\">\n<div class=\"coverText\">\n<p><strong>Das Seelensterne Astrologie-Orakel der bekannten YouTuberin Mona&#8217;s Seelensterne bietet alles, was es f\u00fcr eine inspirierende Astro-Kartenlegung braucht. Die 45 bedacht konzipierten und liebevoll gestalteten Karten <\/strong>bieten den<strong> idealen Einstig in das Legen und Deuten von Astro-Karten: <\/strong>mit <strong>intuitiv verst\u00e4ndlichen Stichpunkten<\/strong> auf jeder Karte und einem <strong>ausf\u00fchlichen Begleitbuch<\/strong> zur Deutung der Karten.<\/p>\n<p>Monas Astrologie-Orakel-Set f\u00fchrt in die Kunst des Kartenlegens und -lesens ein und bietet zahlreiche Impulse und Anregungen f\u00fcr die eigenen Legungen. Die Karten umfassen die Sternzeichen, die Planeten, die H\u00e4user, die Planeten-Wochentage sowie die Mondphasen. Im Begleitbuch wird jede einzelne Karte beschrieben und ihre Deutung leicht verst\u00e4ndlich erkl\u00e4rt.<\/p>\n<p>In diesem Set finden sich:<\/p>\n<ul>\n<li><strong>45 kunstvoll gestaltete Astro-Karten mit Goldrand,<\/strong> die den Blick in die Zukunft offenbaren und die Gegenwart inspirieren<\/li>\n<li>ein <strong>begleitendes Handbuch,<\/strong> das die Legungen erkl\u00e4rt und \u00fcber die Deutung der Karten informiert<\/li>\n<li>eine <strong>mit Folienpr\u00e4gung veredelte Box,<\/strong> in der die Karten und das Handbuch verstaut werden \u2013 optimal zum Mitnehmen f\u00fcr jede Gelegenheit<\/li>\n<\/ul>\n<p><strong>Das Kartendeck beinhaltet alle 45 traditionellen und innovative Astro-Motive<\/strong>, die Sternzeichen, die Planeten, Planetenwochentage, die H\u00e4user sowie die Monde, und besticht durch seine <strong>wundersch\u00f6ne Gestaltung<\/strong>. Sowohl das Legen der Karten als auch die anschlie\u00dfende Deutung werden im beiligenden Handbuch verst\u00e4ndlich erkl\u00e4rt. Beides wird in einer edlen Box geliefert, damit das Set gut verstaut und jederzeit griffbereit ist. Tauche jetzt ganz bewusst ein in die Welt der Sterne und Planeten und nutze ihre Kraft und Magie: Erforsche die Energien, die dich umgeben, und lass dich von den Impulsen, die dir die Karten geben, leiten und inspirieren.<\/p>\n<\/div>\n<\/div>\n","protected":false},"excerpt":{"rendered":"<p>Das Astrologie Orakel &#8211; Nutze die Kraft der Planeten und Sterne<\/p>\n","protected":false},"featured_media":9837,"comment_status":"open","ping_status":"closed","template":"","meta":{"_links_to":"","_links_to_target":""},"pwb-brand":[2029],"product_brand":[],"product_cat":[862],"product_tag":[860,667,2039,973,863,178,521],"class_list":{"0":"post-9836","1":"product","2":"type-product","3":"status-publish","4":"has-post-thumbnail","6":"pwb-brand-emf-edition-michael-fischer","7":"product_cat-impulskarten","8":"product_tag-astrologie","9":"product_tag-kartendeck","10":"product_tag-mona-hieronymus","11":"product_tag-mondphasen","12":"product_tag-orakel","13":"product_tag-seele","14":"product_tag-sternzeichen","16":"first","17":"instock","18":"taxable","19":"shipping-taxable","20":"purchasable","21":"product-type-simple"},"blog_post_layout_featured_media_urls":{"thumbnail":["https:\/\/www.lebens-qi.at\/qishop\/wp-content\/uploads\/seelensterne-150x150.jpg",150,150,true],"full":["https:\/\/www.lebens-qi.at\/qishop\/wp-content\/uploads\/seelensterne.jpg",376,376,false]},"categories":["2029"],"categories_names":{"2029":{"name":"EMF - Edition Michael Fischer","link":"https:\/\/www.lebens-qi.at\/qishop\/brand\/emf-edition-michael-fischer\/"}},"comments_number":"0","brands":[{"id":2029,"name":"EMF - Edition Michael Fischer","slug":"emf-edition-michael-fischer"}],"_links":{"self":[{"href":"https:\/\/www.lebens-qi.at\/qishop\/wp-json\/wp\/v2\/product\/9836","targetHints":{"allow":["GET"]}}],"collection":[{"href":"https:\/\/www.lebens-qi.at\/qishop\/wp-json\/wp\/v2\/product"}],"about":[{"href":"https:\/\/www.lebens-qi.at\/qishop\/wp-json\/wp\/v2\/types\/product"}],"replies":[{"embeddable":true,"href":"https:\/\/www.lebens-qi.at\/qishop\/wp-json\/wp\/v2\/comments?post=9836"}],"wp:featuredmedia":[{"embeddable":true,"href":"https:\/\/www.lebens-qi.at\/qishop\/wp-json\/wp\/v2\/media\/9837"}],"wp:attachment":[{"href":"https:\/\/www.lebens-qi.at\/qishop\/wp-json\/wp\/v2\/media?parent=9836"}],"wp:term":[{"taxonomy":"pwb-brand","embeddable":true,"href":"https:\/\/www.lebens-qi.at\/qishop\/wp-json\/wp\/v2\/pwb-brand?post=9836"},{"taxonomy":"product_brand","embeddable":true,"href":"https:\/\/www.lebens-qi.at\/qishop\/wp-json\/wp\/v2\/product_brand?post=9836"},{"taxonomy":"product_cat","embeddable":true,"href":"https:\/\/www.lebens-qi.at\/qishop\/wp-json\/wp\/v2\/product_cat?post=9836"},{"taxonomy":"product_tag","embeddable":true,"href":"https:\/\/www.lebens-qi.at\/qishop\/wp-json\/wp\/v2\/product_tag?post=9836"}],"curies":[{"name":"wp","href":"https:\/\/api.w.org\/{rel}","templated":true}]}}