{"id":9865,"date":"2024-10-10T14:18:58","date_gmt":"2024-10-10T12:18:58","guid":{"rendered":"https:\/\/www.lebens-qi.at\/qishop\/?post_type=product&#038;p=9865"},"modified":"2024-12-12T16:05:27","modified_gmt":"2024-12-12T15:05:27","slug":"seifenschale-edelweiss-mit-text","status":"publish","type":"product","link":"https:\/\/www.lebens-qi.at\/qishop\/produkt\/seifenschale-edelweiss-mit-text\/","title":{"rendered":"Seifenschale Edelwei\u00df &#8211; mit Text"},"content":{"rendered":"<p><b>Keramik Seifenschale &#8222;Edelwei\u00df&#8220; &#8211; jede ein Unikat<\/b><\/p>\n<p>Diese Seifenschale wurde von Hand aus Keramik geformt. Charakteristisch ist die leicht unregelm\u00e4\u00dfige Form. Mit eingepr\u00e4gtem Relief &#8222;Edelwei\u00df&#8220; und eingestempelten Text gem\u00e4\u00df Auswahl.<br \/>\nSteinzeug glasiert mit transparent mit einzelnen bunten Sprenkeln, Bl\u00fcte Achatgrau, Staubgef\u00e4\u00dfe Melonengelb, Rand Malachitgr\u00fcn.<br \/>\nOhne Loch im Boden.<\/p>\n<p><b>Die perfekte Seifenschale zu unseren <a href=\"https:\/\/www.lebens-qi.at\/qishop\/produkt\/schafmilchseife-edelweiss-herz\/\">Edelwei\u00df-Seifen<\/a>!<\/b><\/p>\n<p><b>Ma\u00dfe: <\/b> Gr\u00f6\u00dfe ca. 8 x 8 cm, H\u00f6he ca. 1,5 cm<br \/>\n<b>Farbe:\u00a0<\/b>Bl\u00fcte Achatgrau und Melonengelb, Rand Malachitgr\u00fcn<\/p>\n<p>Lieferumfang OHNE Seife oder Deko. Diese bitte separat bestellen! Bitte beachten Sie, dass jedes St\u00fcck handgefertigt ist und die Fotos Symbolfotos darstellen. Abweichungen sind daher gegeben. Gerne senden wir ihnen Fotos von den aktuell bei uns lagernden Seifenschalen zu.<\/p>\n","protected":false},"excerpt":{"rendered":"<p>Bergfeeling im Badezimmer<\/p>\n","protected":false},"featured_media":9868,"comment_status":"open","ping_status":"closed","template":"","meta":{"_links_to":"","_links_to_target":""},"pwb-brand":[323],"product_brand":[],"product_cat":[222],"product_tag":[1820,305,303,302,2042],"class_list":{"0":"post-9865","1":"product","2":"type-product","3":"status-publish","4":"has-post-thumbnail","6":"pwb-brand-kreatives-by-petra","7":"product_cat-zubehoer-zur-koerperpflege","8":"product_tag-edelweiss","9":"product_tag-handgefertigt","10":"product_tag-keramik","11":"product_tag-seifenschale","12":"product_tag-souvenir","14":"first","15":"instock","16":"taxable","17":"shipping-taxable","18":"purchasable","19":"product-type-variable"},"blog_post_layout_featured_media_urls":{"thumbnail":["https:\/\/www.lebens-qi.at\/qishop\/wp-content\/uploads\/edelweiss-mittext-150x150.jpg",150,150,true],"full":["https:\/\/www.lebens-qi.at\/qishop\/wp-content\/uploads\/edelweiss-mittext.jpg",886,886,false]},"categories":["323"],"categories_names":{"323":{"name":"Kreatives by Petra","link":"https:\/\/www.lebens-qi.at\/qishop\/brand\/kreatives-by-petra\/"}},"comments_number":"0","brands":[{"id":323,"name":"Kreatives by Petra","slug":"kreatives-by-petra"}],"_links":{"self":[{"href":"https:\/\/www.lebens-qi.at\/qishop\/wp-json\/wp\/v2\/product\/9865","targetHints":{"allow":["GET"]}}],"collection":[{"href":"https:\/\/www.lebens-qi.at\/qishop\/wp-json\/wp\/v2\/product"}],"about":[{"href":"https:\/\/www.lebens-qi.at\/qishop\/wp-json\/wp\/v2\/types\/product"}],"replies":[{"embeddable":true,"href":"https:\/\/www.lebens-qi.at\/qishop\/wp-json\/wp\/v2\/comments?post=9865"}],"wp:featuredmedia":[{"embeddable":true,"href":"https:\/\/www.lebens-qi.at\/qishop\/wp-json\/wp\/v2\/media\/9868"}],"wp:attachment":[{"href":"https:\/\/www.lebens-qi.at\/qishop\/wp-json\/wp\/v2\/media?parent=9865"}],"wp:term":[{"taxonomy":"pwb-brand","embeddable":true,"href":"https:\/\/www.lebens-qi.at\/qishop\/wp-json\/wp\/v2\/pwb-brand?post=9865"},{"taxonomy":"product_brand","embeddable":true,"href":"https:\/\/www.lebens-qi.at\/qishop\/wp-json\/wp\/v2\/product_brand?post=9865"},{"taxonomy":"product_cat","embeddable":true,"href":"https:\/\/www.lebens-qi.at\/qishop\/wp-json\/wp\/v2\/product_cat?post=9865"},{"taxonomy":"product_tag","embeddable":true,"href":"https:\/\/www.lebens-qi.at\/qishop\/wp-json\/wp\/v2\/product_tag?post=9865"}],"curies":[{"name":"wp","href":"https:\/\/api.w.org\/{rel}","templated":true}]}}