{"id":9976,"date":"2024-10-11T19:30:11","date_gmt":"2024-10-11T17:30:11","guid":{"rendered":"https:\/\/www.lebens-qi.at\/qishop\/produkt\/cathedrale-de-strasbourg-a-noel-1000-teile-puzzle\/"},"modified":"2025-09-19T12:49:57","modified_gmt":"2025-09-19T10:49:57","slug":"cathedrale-de-strasbourg-a-noel-1000-teile-puzzle","status":"publish","type":"product","link":"https:\/\/www.lebens-qi.at\/qishop\/produkt\/cathedrale-de-strasbourg-a-noel-1000-teile-puzzle\/","title":{"rendered":"Cath\u00e9drale de Strasbourg \u00e0 No\u00ebl &#8211; 1000 Teile Puzzle"},"content":{"rendered":"<p><b>Lustiges Puzzle mit dem Motiv \u201eCath\u00e9drale de Strasbourg \u00e0 No\u00ebl\u201c \u2013 des K\u00fcnstlers Fran\u00e7ois Ruyer<\/b><\/p>\n<p>Der Weihnachtsmann kommt mit seinem Schlitten und zeichnet ein Herz in den winterlichen Nachthimmel \u00fcber der Kathedrale von Strassburg<\/p>\n<p>Teileanzahl: 1000 Teile<br \/>\nBildfl\u00e4che: 69.00 x 47.80 cm<br \/>\nVerpackung: Puzzlekarton<br \/>\nMaterial: Karton<br \/>\nAlter: Puzzle f\u00fcr Erwachsene<\/p>\n<p>Copyright: Fran\u00e7ois Ruyer<\/p>\n<p><em><b>Achtung! <\/b>Nicht f\u00fcr Kinder unter 3 Jahren geeignet!<\/em><\/p>\n","protected":false},"excerpt":{"rendered":"<p>Die Kathedrale von Strassburg zu Weihnachten<\/p>\n","protected":false},"featured_media":10961,"comment_status":"open","ping_status":"closed","template":"","meta":{"_links_to":"","_links_to_target":""},"pwb-brand":[145],"product_brand":[],"product_cat":[142,3018],"product_tag":[2045,1061,2348,141,2078,2247,2349,624,2075,2079],"class_list":{"0":"post-9976","1":"product","2":"type-product","3":"status-publish","4":"has-post-thumbnail","6":"pwb-brand-bluebird-puzzle","7":"product_cat-1000-teile","8":"product_cat-weihnachten","9":"product_tag-1000-teile","10":"product_tag-francois-ruyer","11":"product_tag-kathedrale","12":"product_tag-puzzle","13":"product_tag-santa-claus","14":"product_tag-standort-saalfelden","15":"product_tag-strassburg","16":"product_tag-weihnachten","17":"product_tag-weihnachtsmann","18":"product_tag-weihnachtspuzzle","20":"first","21":"instock","22":"sold-individually","23":"taxable","24":"shipping-taxable","25":"purchasable","26":"product-type-simple"},"blog_post_layout_featured_media_urls":{"thumbnail":["https:\/\/www.lebens-qi.at\/qishop\/wp-content\/uploads\/bluebird-puzzle-cathedrale-de-strasbourg-a-noel-puzzle-1000-teile-150x150.jpg",150,150,true],"full":["https:\/\/www.lebens-qi.at\/qishop\/wp-content\/uploads\/bluebird-puzzle-cathedrale-de-strasbourg-a-noel-puzzle-1000-teile.jpg",740,740,false]},"categories":["145"],"categories_names":{"145":{"name":"Bluebird Puzzle","link":"https:\/\/www.lebens-qi.at\/qishop\/brand\/bluebird-puzzle\/"}},"comments_number":"0","brands":[{"id":145,"name":"Bluebird Puzzle","slug":"bluebird-puzzle"}],"_links":{"self":[{"href":"https:\/\/www.lebens-qi.at\/qishop\/wp-json\/wp\/v2\/product\/9976","targetHints":{"allow":["GET"]}}],"collection":[{"href":"https:\/\/www.lebens-qi.at\/qishop\/wp-json\/wp\/v2\/product"}],"about":[{"href":"https:\/\/www.lebens-qi.at\/qishop\/wp-json\/wp\/v2\/types\/product"}],"replies":[{"embeddable":true,"href":"https:\/\/www.lebens-qi.at\/qishop\/wp-json\/wp\/v2\/comments?post=9976"}],"wp:featuredmedia":[{"embeddable":true,"href":"https:\/\/www.lebens-qi.at\/qishop\/wp-json\/wp\/v2\/media\/10961"}],"wp:attachment":[{"href":"https:\/\/www.lebens-qi.at\/qishop\/wp-json\/wp\/v2\/media?parent=9976"}],"wp:term":[{"taxonomy":"pwb-brand","embeddable":true,"href":"https:\/\/www.lebens-qi.at\/qishop\/wp-json\/wp\/v2\/pwb-brand?post=9976"},{"taxonomy":"product_brand","embeddable":true,"href":"https:\/\/www.lebens-qi.at\/qishop\/wp-json\/wp\/v2\/product_brand?post=9976"},{"taxonomy":"product_cat","embeddable":true,"href":"https:\/\/www.lebens-qi.at\/qishop\/wp-json\/wp\/v2\/product_cat?post=9976"},{"taxonomy":"product_tag","embeddable":true,"href":"https:\/\/www.lebens-qi.at\/qishop\/wp-json\/wp\/v2\/product_tag?post=9976"}],"curies":[{"name":"wp","href":"https:\/\/api.w.org\/{rel}","templated":true}]}}